{"id":19920,"date":"2020-06-17T17:44:38","date_gmt":"2020-06-17T15:44:38","guid":{"rendered":"https:\/\/www.kschmied.ch\/modifications-conversions\/"},"modified":"2025-11-17T21:26:34","modified_gmt":"2025-11-17T20:26:34","slug":"modifications-conversions","status":"publish","type":"page","link":"https:\/\/kschmied.ch\/en\/container\/modifications-conversions\/","title":{"rendered":"Sea container modifications"},"content":{"rendered":"<div id=\"pl-19920\"  class=\"panel-layout\" ><div id=\"pg-19920-0\"  class=\"panel-grid panel-no-style\" ><div id=\"pgc-19920-0-0\"  class=\"panel-grid-cell\" ><div id=\"panel-19920-0-0-0\" class=\"so-panel widget widget_black-studio-tinymce widget_black_studio_tinymce panel-first-child panel-last-child widgetopts-SO\" data-index=\"0\" ><h3 class=\"widget-title\"><span class=\"widget-title__inline\">Shipping Container Modifications<\/span><\/h3><div class=\"textwidget\"><p>We offer <strong>custom modifications and conversions<\/strong> for <strong>shipping containers<\/strong>, including <strong>repainting<\/strong>, <strong>logo application<\/strong> and <strong>custom lettering<\/strong>. These adjustments provide a <strong>cost-effective<\/strong> way to tailor your <strong>purchased containers<\/strong> to your <strong>business needs<\/strong> or <strong>design preferences<\/strong>.<\/p>\n<p>Our <strong>repainting services<\/strong> can be carried out in <strong>any colour you choose<\/strong>, and we can apply your <strong>company logo<\/strong> or <strong>custom lettering<\/strong> \u2013 ideal for using your container as a <strong>marketing tool<\/strong>.<\/p>\n<p>In addition, we offer <strong>simple conversions<\/strong> such as installing <strong>doors or windows<\/strong> to enhance the functionality of the container.<\/p>\n<p>Please note that complex conversions involving multiple companies and extensive work are <strong>more costly and time-consuming<\/strong>. This includes <strong>custom interior builds<\/strong>, which may require additional calculations and several partners \u2013 and can <strong>increase costs already during the quotation phase<\/strong>.<\/p>\n<p><strong>Our focus is on efficient and quick modifications<\/strong>, such as <strong>repainting<\/strong> and <strong>logo application<\/strong>, allowing you to customise your containers <strong>quickly<\/strong> and <strong>cost-effectively<\/strong>.<\/p>\n<\/div><\/div><\/div><\/div><div id=\"pg-19920-1\"  class=\"panel-grid panel-no-style\" ><div id=\"pgc-19920-1-0\"  class=\"panel-grid-cell\" ><div id=\"panel-19920-1-0-0\" class=\"widget_text so-panel widget widget_custom_html panel-first-child panel-last-child\" data-index=\"1\" ><div class=\"widget_text panel-widget-style panel-widget-style-for-19920-1-0-0\" ><div class=\"textwidget custom-html-widget\"><\/div><\/div><\/div><\/div><\/div><div id=\"pg-19920-2\"  class=\"panel-grid panel-no-style\" ><div id=\"pgc-19920-2-0\"  class=\"panel-grid-cell\" ><div id=\"panel-19920-2-0-0\" class=\"so-panel widget widget_black-studio-tinymce widget_black_studio_tinymce panel-first-child panel-last-child widgetopts-SO\" data-index=\"2\" ><div class=\"textwidget\"><h4><strong>REPAINTING<\/strong><\/h4>\n<ul>\n<li>In your desired RAL colour<\/li>\n<li>1-component or 2-component paint<\/li>\n<li>Sandblasting available on request<\/li>\n<\/ul>\n<\/div><\/div><\/div><div id=\"pgc-19920-2-1\"  class=\"panel-grid-cell\" ><div id=\"panel-19920-2-1-0\" class=\"so-panel widget widget_black-studio-tinymce widget_black_studio_tinymce panel-first-child panel-last-child widgetopts-SO\" data-index=\"3\" ><div class=\"textwidget\"><p><img loading=\"lazy\" decoding=\"async\" class=\"aligncenter wp-image-5205 size-medium\" src=\"https:\/\/www.kschmied.ch\/wp-content\/uploads\/2019\/09\/Wunschfarbe_ral-300x200.jpg\" alt=\"Wunschfarbe (nach RAL)\" width=\"300\" height=\"200\" srcset=\"https:\/\/kschmied.ch\/wp-content\/uploads\/2019\/09\/Wunschfarbe_ral-300x200.jpg 300w, https:\/\/kschmied.ch\/wp-content\/uploads\/2019\/09\/Wunschfarbe_ral-360x240.jpg 360w, https:\/\/kschmied.ch\/wp-content\/uploads\/2019\/09\/Wunschfarbe_ral-500x333.jpg 500w, https:\/\/kschmied.ch\/wp-content\/uploads\/2019\/09\/Wunschfarbe_ral-272x182.jpg 272w, https:\/\/kschmied.ch\/wp-content\/uploads\/2019\/09\/Wunschfarbe_ral-400x267.jpg 400w, https:\/\/kschmied.ch\/wp-content\/uploads\/2019\/09\/Wunschfarbe_ral.jpg 600w\" sizes=\"auto, (max-width: 300px) 100vw, 300px\" \/><\/p>\n<\/div><\/div><\/div><\/div><div id=\"pg-19920-3\"  class=\"panel-grid panel-no-style\" ><div id=\"pgc-19920-3-0\"  class=\"panel-grid-cell\" ><div id=\"panel-19920-3-0-0\" class=\"widget_text so-panel widget widget_custom_html panel-first-child panel-last-child\" data-index=\"4\" ><div class=\"widget_text panel-widget-style panel-widget-style-for-19920-3-0-0\" ><div class=\"textwidget custom-html-widget\"><\/div><\/div><\/div><\/div><\/div><div id=\"pg-19920-4\"  class=\"panel-grid panel-no-style\" ><div id=\"pgc-19920-4-0\"  class=\"panel-grid-cell\" ><div id=\"panel-19920-4-0-0\" class=\"so-panel widget widget_black-studio-tinymce widget_black_studio_tinymce panel-first-child panel-last-child widgetopts-SO\" data-index=\"5\" ><div class=\"textwidget\"><h4><strong>LETTERING & LOGOS<\/strong><\/h4>\n<p>On request, we can equip your containers with your company logo and\/or custom lettering. These are professionally applied to the container according to your specifications (standard process for shipping containers).<\/p>\n<p>The cost for logos and lettering is calculated based on size and placement. We will gladly provide a quotation once we receive your specifications.<br \/>\n&nbsp;<\/p>\n<\/div><\/div><\/div><div id=\"pgc-19920-4-1\"  class=\"panel-grid-cell\" ><div id=\"panel-19920-4-1-0\" class=\"so-panel widget widget_black-studio-tinymce widget_black_studio_tinymce panel-first-child panel-last-child\" data-index=\"6\" ><div class=\"textwidget\"><p><a href=\"https:\/\/www.kschmied.ch\/wp-content\/uploads\/2020\/06\/Schriftzuege_logos.jpg\"><img loading=\"lazy\" decoding=\"async\" class=\"aligncenter wp-image-19706 size-medium\" src=\"https:\/\/www.kschmied.ch\/wp-content\/uploads\/2020\/06\/Schriftzuege_logos-300x200.jpg\" alt=\"Logos &amp; Schriftz\u00fcge\" width=\"300\" height=\"200\" srcset=\"https:\/\/kschmied.ch\/wp-content\/uploads\/2020\/06\/Schriftzuege_logos-300x200.jpg 300w, https:\/\/kschmied.ch\/wp-content\/uploads\/2020\/06\/Schriftzuege_logos-360x240.jpg 360w, https:\/\/kschmied.ch\/wp-content\/uploads\/2020\/06\/Schriftzuege_logos-500x333.jpg 500w, https:\/\/kschmied.ch\/wp-content\/uploads\/2020\/06\/Schriftzuege_logos-272x182.jpg 272w, https:\/\/kschmied.ch\/wp-content\/uploads\/2020\/06\/Schriftzuege_logos-400x267.jpg 400w, https:\/\/kschmied.ch\/wp-content\/uploads\/2020\/06\/Schriftzuege_logos.jpg 600w\" sizes=\"auto, (max-width: 300px) 100vw, 300px\" \/><\/a><\/p>\n<\/div><\/div><\/div><\/div><div id=\"pg-19920-5\"  class=\"panel-grid panel-no-style\" ><div id=\"pgc-19920-5-0\"  class=\"panel-grid-cell\" ><div id=\"panel-19920-5-0-0\" class=\"widget_text so-panel widget widget_custom_html panel-first-child panel-last-child\" data-index=\"7\" ><div class=\"widget_text panel-widget-style panel-widget-style-for-19920-5-0-0\" ><div class=\"textwidget custom-html-widget\"><\/div><\/div><\/div><\/div><\/div><div id=\"pg-19920-6\"  class=\"panel-grid panel-no-style\" ><div id=\"pgc-19920-6-0\"  class=\"panel-grid-cell\" ><div id=\"panel-19920-6-0-0\" class=\"so-panel widget widget_black-studio-tinymce widget_black_studio_tinymce panel-first-child panel-last-child widgetopts-SO\" data-index=\"8\" ><div class=\"textwidget\"><h4><strong>VARIOUS INSTALLATIONS<\/strong><\/h4>\n<ul>\n<li>Shelves, windows, doors, electrical connections, lighting<\/li>\n<\/ul>\n<\/div><\/div><\/div><div id=\"pgc-19920-6-1\"  class=\"panel-grid-cell\" ><div id=\"panel-19920-6-1-0\" class=\"so-panel widget widget_black-studio-tinymce widget_black_studio_tinymce panel-first-child panel-last-child\" data-index=\"9\" ><div class=\"textwidget\"><p><img loading=\"lazy\" decoding=\"async\" class=\"aligncenter wp-image-5209 size-medium\" src=\"https:\/\/www.kschmied.ch\/wp-content\/uploads\/2019\/09\/Einbauten-300x200.jpg\" alt=\"Einbauten\" width=\"300\" height=\"200\" srcset=\"https:\/\/kschmied.ch\/wp-content\/uploads\/2019\/09\/Einbauten-300x200.jpg 300w, https:\/\/kschmied.ch\/wp-content\/uploads\/2019\/09\/Einbauten-360x240.jpg 360w, https:\/\/kschmied.ch\/wp-content\/uploads\/2019\/09\/Einbauten-500x333.jpg 500w, https:\/\/kschmied.ch\/wp-content\/uploads\/2019\/09\/Einbauten-272x182.jpg 272w, https:\/\/kschmied.ch\/wp-content\/uploads\/2019\/09\/Einbauten-400x267.jpg 400w, https:\/\/kschmied.ch\/wp-content\/uploads\/2019\/09\/Einbauten.jpg 600w\" sizes=\"auto, (max-width: 300px) 100vw, 300px\" \/><\/p>\n<\/div><\/div><\/div><\/div><div id=\"pg-19920-7\"  class=\"panel-grid panel-no-style\" ><div id=\"pgc-19920-7-0\"  class=\"panel-grid-cell\" ><div id=\"panel-19920-7-0-0\" class=\"widget_text so-panel widget widget_custom_html panel-first-child panel-last-child\" data-index=\"10\" ><div class=\"widget_text panel-widget-style panel-widget-style-for-19920-7-0-0\" ><div class=\"textwidget custom-html-widget\"><\/div><\/div><\/div><\/div><\/div><div id=\"pg-19920-8\"  class=\"panel-grid panel-no-style\" ><div id=\"pgc-19920-8-0\"  class=\"panel-grid-cell\" ><div id=\"panel-19920-8-0-0\" class=\"so-panel widget widget_black-studio-tinymce widget_black_studio_tinymce panel-first-child panel-last-child widgetopts-SO\" data-index=\"11\" ><div class=\"textwidget\"><p><span style=\"color:#000000;\"><strong>CONTAINERTYPEN<\/strong><\/span><\/p>\n<ul>\n<li>Seecontainer<\/li>\n<li>Lagercontainer<\/li>\n<\/ul>\n<p><span style=\"color:#000000;\"><strong>VOLUMEN<\/strong><\/span><\/p>\n<ul>\n<li>10' Container<\/li>\n<li>20' Container<\/li>\n<li>40' Container<\/li>\n<li>45' Container<\/li>\n<\/ul>\n<\/div><\/div><\/div><div id=\"pgc-19920-8-1\"  class=\"panel-grid-cell\" ><div id=\"panel-19920-8-1-0\" class=\"so-panel widget widget_black-studio-tinymce widget_black_studio_tinymce panel-first-child panel-last-child widgetopts-SO\" data-index=\"12\" ><div class=\"textwidget\"><p><span style=\"color:#000000;\"><strong>SERVICE<\/strong><\/span><\/p>\n<ul>\n<li>Fenster, T\u00fcren, Theken usw.<\/li>\n<li>Elektroinstallationen<\/li>\n<li>Regale<\/li>\n<li>Logos & Schriftz\u00fcge<\/li>\n<li>Wunschfarbe \/ Neulackierung<\/li>\n<li>Lieferung in der ganzen Schweiz<\/li>\n<li>Kran-Auf- & Ablad<\/li>\n<\/ul>\n<\/div><\/div><\/div><div id=\"pgc-19920-8-2\"  class=\"panel-grid-cell\" ><div id=\"panel-19920-8-2-0\" class=\"so-panel widget widget_black-studio-tinymce widget_black_studio_tinymce panel-first-child panel-last-child widgetopts-SO\" data-index=\"13\" ><div class=\"textwidget\"><p><a href=\"https:\/\/kschmied.ch\/wp-content\/uploads\/2020\/07\/sale_rentin_modification.jpg\"><img loading=\"lazy\" decoding=\"async\" class=\" wp-image-20510 aligncenter\" src=\"https:\/\/kschmied.ch\/wp-content\/uploads\/2020\/07\/sale_rentin_modification-300x300.jpg\" alt=\"\" width=\"169\" height=\"169\" srcset=\"https:\/\/kschmied.ch\/wp-content\/uploads\/2020\/07\/sale_rentin_modification-300x300.jpg 300w, https:\/\/kschmied.ch\/wp-content\/uploads\/2020\/07\/sale_rentin_modification-150x150.jpg 150w, https:\/\/kschmied.ch\/wp-content\/uploads\/2020\/07\/sale_rentin_modification-100x100.jpg 100w, https:\/\/kschmied.ch\/wp-content\/uploads\/2020\/07\/sale_rentin_modification-200x200.jpg 200w, https:\/\/kschmied.ch\/wp-content\/uploads\/2020\/07\/sale_rentin_modification.jpg 350w\" sizes=\"auto, (max-width: 169px) 100vw, 169px\" \/><\/a><\/p>\n<\/div><\/div><\/div><\/div><\/div>","protected":false},"excerpt":{"rendered":"<p>Modifications for sea &amp; storage containers: e.g. installation of doors, windows, repainting or logo\/lettering. On request, we are also happy to check other possible conversions &#8211; together with our partners at home and abroad.<\/p>\n","protected":false},"author":1,"featured_media":5586,"parent":39910,"menu_order":2,"comment_status":"closed","ping_status":"closed","template":"","meta":{"_acf_changed":false,"footnotes":""},"class_list":["post-19920","page","type-page","status-publish","has-post-thumbnail","hentry"],"acf":[],"yoast_head":"<!-- This site is optimized with the Yoast SEO Premium plugin v27.4 (Yoast SEO v27.4) - https:\/\/yoast.com\/product\/yoast-seo-premium-wordpress\/ -->\n<title>Sea container modifications - K. Schmied AG \u2013 Containers &amp; Shipping Switzerland<\/title>\n<meta name=\"description\" content=\"Sea container modifications: Repainting, logo applications and simple conversions - individually customized with K. Schmied AG.\" \/>\n<meta name=\"robots\" content=\"index, follow, max-snippet:-1, max-image-preview:large, max-video-preview:-1\" \/>\n<link rel=\"canonical\" href=\"https:\/\/kschmied.ch\/en\/container\/modifications-conversions\/\" \/>\n<meta property=\"og:locale\" content=\"en_US\" \/>\n<meta property=\"og:type\" content=\"article\" \/>\n<meta property=\"og:title\" content=\"K. SCHMIED AG \u2013 Containerverkauf Schweiz\" \/>\n<meta property=\"og:description\" content=\"Ihr Partner f\u00fcr Seecontainer und Lagercontainer in der Schweiz \u2013 zum Kauf oder zur Miete, mit optionalem Kranablade-Service.\" \/>\n<meta property=\"og:url\" content=\"https:\/\/kschmied.ch\/en\/container\/modifications-conversions\/\" \/>\n<meta property=\"og:site_name\" content=\"K. Schmied AG \u2013 Containers &amp; Shipping Switzerland\" \/>\n<meta property=\"article:modified_time\" content=\"2025-11-17T20:26:34+00:00\" \/>\n<meta property=\"og:image\" content=\"https:\/\/kschmied.ch\/wp-content\/uploads\/2019\/09\/modifikationen.jpg\" \/>\n\t<meta property=\"og:image:width\" content=\"600\" \/>\n\t<meta property=\"og:image:height\" content=\"400\" \/>\n\t<meta property=\"og:image:type\" content=\"image\/jpeg\" \/>\n<meta name=\"twitter:card\" content=\"summary_large_image\" \/>\n<meta name=\"twitter:label1\" content=\"Est. reading time\" \/>\n\t<meta name=\"twitter:data1\" content=\"3 minutes\" \/>\n<!-- \/ Yoast SEO Premium plugin. -->","yoast_head_json":{"title":"Sea container modifications - K. Schmied AG \u2013 Containers &amp; Shipping Switzerland","description":"Sea container modifications: Repainting, logo applications and simple conversions - individually customized with K. Schmied AG.","robots":{"index":"index","follow":"follow","max-snippet":"max-snippet:-1","max-image-preview":"max-image-preview:large","max-video-preview":"max-video-preview:-1"},"canonical":"https:\/\/kschmied.ch\/en\/container\/modifications-conversions\/","og_locale":"en_US","og_type":"article","og_title":"K. SCHMIED AG \u2013 Containerverkauf Schweiz","og_description":"Ihr Partner f\u00fcr Seecontainer und Lagercontainer in der Schweiz \u2013 zum Kauf oder zur Miete, mit optionalem Kranablade-Service.","og_url":"https:\/\/kschmied.ch\/en\/container\/modifications-conversions\/","og_site_name":"K. Schmied AG \u2013 Containers &amp; Shipping Switzerland","article_modified_time":"2025-11-17T20:26:34+00:00","og_image":[{"width":600,"height":400,"url":"https:\/\/kschmied.ch\/wp-content\/uploads\/2019\/09\/modifikationen.jpg","type":"image\/jpeg"}],"twitter_card":"summary_large_image","twitter_misc":{"Est. reading time":"3 minutes"},"schema":{"@context":"https:\/\/schema.org","@graph":[{"@type":"WebPage","@id":"https:\/\/kschmied.ch\/en\/container\/modifications-conversions\/","url":"https:\/\/kschmied.ch\/en\/container\/modifications-conversions\/","name":"Sea container modifications - K. Schmied AG \u2013 Containers &amp; Shipping Switzerland","isPartOf":{"@id":"https:\/\/kschmied.ch\/en\/#website"},"primaryImageOfPage":{"@id":"https:\/\/kschmied.ch\/en\/container\/modifications-conversions\/#primaryimage"},"image":{"@id":"https:\/\/kschmied.ch\/en\/container\/modifications-conversions\/#primaryimage"},"thumbnailUrl":"https:\/\/kschmied.ch\/wp-content\/uploads\/2019\/09\/modifikationen.jpg","datePublished":"2020-06-17T15:44:38+00:00","dateModified":"2025-11-17T20:26:34+00:00","description":"Sea container modifications: Repainting, logo applications and simple conversions - individually customized with K. Schmied AG.","breadcrumb":{"@id":"https:\/\/kschmied.ch\/en\/container\/modifications-conversions\/#breadcrumb"},"inLanguage":"en-US","potentialAction":[{"@type":"ReadAction","target":["https:\/\/kschmied.ch\/en\/container\/modifications-conversions\/"]}]},{"@type":"ImageObject","inLanguage":"en-US","@id":"https:\/\/kschmied.ch\/en\/container\/modifications-conversions\/#primaryimage","url":"https:\/\/kschmied.ch\/wp-content\/uploads\/2019\/09\/modifikationen.jpg","contentUrl":"https:\/\/kschmied.ch\/wp-content\/uploads\/2019\/09\/modifikationen.jpg","width":600,"height":400,"caption":"Container modifications"},{"@type":"BreadcrumbList","@id":"https:\/\/kschmied.ch\/en\/container\/modifications-conversions\/#breadcrumb","itemListElement":[{"@type":"ListItem","position":1,"name":"Accueil","item":"https:\/\/kschmied.ch\/en\/"},{"@type":"ListItem","position":2,"name":"Sea container modifications"}]},{"@type":"WebSite","@id":"https:\/\/kschmied.ch\/en\/#website","url":"https:\/\/kschmied.ch\/en\/","name":"K. SCHMIED AG","description":"Swiss container trading &amp; shipping since 1979","publisher":{"@id":"https:\/\/kschmied.ch\/en\/#organization"},"alternateName":"K. SCHMIED AG","potentialAction":[{"@type":"SearchAction","target":{"@type":"EntryPoint","urlTemplate":"https:\/\/kschmied.ch\/en\/?s={search_term_string}"},"query-input":{"@type":"PropertyValueSpecification","valueRequired":true,"valueName":"search_term_string"}}],"inLanguage":"en-US"},{"@type":"Organization","@id":"https:\/\/kschmied.ch\/en\/#organization","name":"K. SCHMIED AG","alternateName":"K. SCHMIED AG","url":"https:\/\/kschmied.ch\/en\/","logo":{"@type":"ImageObject","inLanguage":"en-US","@id":"https:\/\/kschmied.ch\/en\/#\/schema\/logo\/image\/","url":"https:\/\/kschmied.ch\/wp-content\/uploads\/2020\/07\/LOGO-gross.jpg","contentUrl":"https:\/\/kschmied.ch\/wp-content\/uploads\/2020\/07\/LOGO-gross.jpg","width":770,"height":240,"caption":"K. SCHMIED AG"},"image":{"@id":"https:\/\/kschmied.ch\/en\/#\/schema\/logo\/image\/"},"sameAs":["https:\/\/ch.linkedin.com\/company\/k-schmied-ag"],"description":"K. SCHMIED AG ist ein f\u00fchrendes Unternehmen im Bereich Containerverkauf und -vermietung in der Schweiz. Mit langj\u00e4hriger Erfahrung bieten wir unseren Kunden robuste, langlebige Seecontainer, Lagercontainer und Schnellbaucontainer in verschiedenen Gr\u00f6\u00dfen und Ausf\u00fchrungen. Unser Service umfasst auch Transportl\u00f6sungen, ma\u00dfgeschneiderte Containeranforderungen und weltweiten Versand. Qualit\u00e4t, Kundenzufriedenheit und Zuverl\u00e4ssigkeit stehen bei uns an erster Stelle.","email":"info@kschmied.ch","telephone":"041 811 30 03","legalName":"K. SCHMIED internat. Transporte & Handels AG","foundingDate":"1979-01-01","vatID":"CHE-107.962.018 MWST","taxID":"CHE-107.962.018 MWST","numberOfEmployees":{"@type":"QuantitativeValue","minValue":"1","maxValue":"10"}}]}},"_links":{"self":[{"href":"https:\/\/kschmied.ch\/en\/wp-json\/wp\/v2\/pages\/19920","targetHints":{"allow":["GET"]}}],"collection":[{"href":"https:\/\/kschmied.ch\/en\/wp-json\/wp\/v2\/pages"}],"about":[{"href":"https:\/\/kschmied.ch\/en\/wp-json\/wp\/v2\/types\/page"}],"author":[{"embeddable":true,"href":"https:\/\/kschmied.ch\/en\/wp-json\/wp\/v2\/users\/1"}],"replies":[{"embeddable":true,"href":"https:\/\/kschmied.ch\/en\/wp-json\/wp\/v2\/comments?post=19920"}],"version-history":[{"count":0,"href":"https:\/\/kschmied.ch\/en\/wp-json\/wp\/v2\/pages\/19920\/revisions"}],"up":[{"embeddable":true,"href":"https:\/\/kschmied.ch\/en\/wp-json\/wp\/v2\/pages\/39910"}],"wp:featuredmedia":[{"embeddable":true,"href":"https:\/\/kschmied.ch\/en\/wp-json\/wp\/v2\/media\/5586"}],"wp:attachment":[{"href":"https:\/\/kschmied.ch\/en\/wp-json\/wp\/v2\/media?parent=19920"}],"curies":[{"name":"wp","href":"https:\/\/api.w.org\/{rel}","templated":true}]}}