{"id":19913,"date":"2020-06-17T15:49:24","date_gmt":"2020-06-17T13:49:24","guid":{"rendered":"https:\/\/www.kschmied.ch\/containertransports\/"},"modified":"2025-12-22T14:30:51","modified_gmt":"2025-12-22T13:30:51","slug":"containertransports","status":"publish","type":"page","link":"https:\/\/kschmied.ch\/en\/container\/containertransports\/","title":{"rendered":"Containertransports"},"content":{"rendered":"<div id=\"pl-19913\"  class=\"panel-layout\" ><div id=\"pg-19913-0\"  class=\"panel-grid panel-no-style\" ><div id=\"pgc-19913-0-0\"  class=\"panel-grid-cell\" ><div id=\"panel-19913-0-0-0\" class=\"so-panel widget widget_black-studio-tinymce widget_black_studio_tinymce panel-first-child panel-last-child\" data-index=\"0\" ><h3 class=\"widget-title\"><span class=\"widget-title__inline\">CONTAINERTRANSPORTE<\/span><\/h3><div class=\"textwidget\"><p><strong>Containertransporte innerhalb der Schweiz und <a href=\"https:\/\/www.kschmied.ch\/transporte\/seefracht\/\">nach \u00dcbersee<\/a><\/strong>, werden von uns zuverl\u00e4ssig und termingerecht durchgef\u00fchrt.<\/p>\n<p>Dank unterschiedlichsten Fahrzeugtypen sind wir auch in der Lage 20' und 40' Container auf den Boden zu stellen oder den beladenen Container vom Boden aufzunehmen.<\/p>\n<p>Auf Wunsch bieten wir Ihnen auch Container zum Kauf (z.B. zur anschliessenden Verwendung als Lager am Zielort, f\u00fcr weitere Transporte oder andere Zwecke) an.<\/p>\n<p>Hier geht's zur kostenlosen <a href=\"https:\/\/www.kschmied.ch\/container\/shop\/\" target=\"_self\"><strong>Container-Kauf-Anfrage &gt;&gt;<\/strong><\/a><\/p>\n<p>... und hier zur <strong><a href=\"https:\/\/www.kschmied.ch\/kontakt\/transportanfrage\/\" target=\"_self\">Transport-Anfrage &gt;&gt;<\/a><\/strong><\/p>\n<p>&nbsp;<\/p>\n<\/div><\/div><\/div><div id=\"pgc-19913-0-1\"  class=\"panel-grid-cell\" ><div id=\"panel-19913-0-1-0\" class=\"so-panel widget widget_black-studio-tinymce widget_black_studio_tinymce panel-first-child panel-last-child\" data-index=\"1\" ><div class=\"textwidget\"><p><img loading=\"lazy\" decoding=\"async\" class=\"aligncenter wp-image-5320 size-medium\" title=\"Container Transporte\" src=\"https:\/\/www.kschmied.ch\/wp-content\/uploads\/2019\/09\/Containertransport_schweiz-300x200.jpg\" alt=\"Containertransporte\" width=\"300\" height=\"200\" srcset=\"https:\/\/kschmied.ch\/wp-content\/uploads\/2019\/09\/Containertransport_schweiz-300x200.jpg 300w, https:\/\/kschmied.ch\/wp-content\/uploads\/2019\/09\/Containertransport_schweiz-360x240.jpg 360w, https:\/\/kschmied.ch\/wp-content\/uploads\/2019\/09\/Containertransport_schweiz-500x333.jpg 500w, https:\/\/kschmied.ch\/wp-content\/uploads\/2019\/09\/Containertransport_schweiz-272x182.jpg 272w, https:\/\/kschmied.ch\/wp-content\/uploads\/2019\/09\/Containertransport_schweiz-400x267.jpg 400w, https:\/\/kschmied.ch\/wp-content\/uploads\/2019\/09\/Containertransport_schweiz.jpg 600w\" sizes=\"auto, (max-width: 300px) 100vw, 300px\" \/><\/p>\n<p>&nbsp;<\/p>\n<p style=\"text-align: center;\"><span class='maxbutton-6-container mb-container'><a class=\"maxbutton-6 maxbutton maxbutton-anfrage-transport\" href=\"https:\/\/www.kschmied.ch\/kontakt\/transportanfrage\/\"><span class='mb-text'>TRANSPORTKOSTEN ANFRAGEN<\/span><\/a><\/span><\/p>\n<p style=\"text-align: center;\"><span class=\"col col_shortcode\"><span class='maxbutton-4-container mb-container'><a class=\"maxbutton-4 maxbutton maxbutton-containerpreis-anfragen\" href=\"https:\/\/kschmied.ch\/container\/preisanfrage\"><span class='mb-text'>CONTAINER-PREIS ANFRAGEN<\/span><\/a><\/span> <\/span><\/p>\n<\/div><\/div><\/div><\/div><div id=\"pg-19913-1\"  class=\"panel-grid panel-no-style\" ><div id=\"pgc-19913-1-0\"  class=\"panel-grid-cell\" ><div id=\"panel-19913-1-0-0\" class=\"so-panel widget widget_black-studio-tinymce widget_black_studio_tinymce panel-first-child panel-last-child\" data-index=\"2\" ><div class=\"textwidget\"><p><span style=\"color: #000000;\"><strong>M\u00f6glich Containertypen<br \/>\n<\/strong><\/span><\/p>\n<p>- Seecontainer<br \/>\n- Lagercontainer<br \/>\n- B\u00fcrocontainer<br \/>\n- Schnellbaucontainer<\/p>\n<\/div><\/div><\/div><div id=\"pgc-19913-1-1\"  class=\"panel-grid-cell\" ><div id=\"panel-19913-1-1-0\" class=\"so-panel widget widget_black-studio-tinymce widget_black_studio_tinymce panel-first-child panel-last-child\" data-index=\"3\" ><div class=\"textwidget\"><p><span style=\"color: #000000;\"><strong>VOLUMEN<\/strong><\/span><\/p>\n<p>- 10' Container<br \/>\n- 20' Container<br \/>\n- 40' Container<br \/>\n- 45' Container<\/p>\n<\/div><\/div><\/div><div id=\"pgc-19913-1-2\"  class=\"panel-grid-cell\" ><div id=\"panel-19913-1-2-0\" class=\"so-panel widget widget_black-studio-tinymce widget_black_studio_tinymce panel-first-child panel-last-child\" data-index=\"4\" ><div class=\"textwidget\"><p><span style=\"color: #000000;\"><strong>SERVICE<\/strong><\/span><\/p>\n<p>- Abholung vor Ort<br \/>\n- Kran- Auf-&amp; Ablad<\/p>\n<\/div><\/div><\/div><div id=\"pgc-19913-1-3\"  class=\"panel-grid-cell\" ><div id=\"panel-19913-1-3-0\" class=\"so-panel widget widget_black-studio-tinymce widget_black_studio_tinymce panel-first-child panel-last-child\" data-index=\"5\" ><div class=\"textwidget\"><p><span style=\"color: #000000;\"><strong>N\u00dcTZLICHE LINKS<\/strong><\/span><\/p>\n<p>- <a href=\"https:\/\/www.track-trace.com\/container\" rel=\"noopener\" target=\"_blank\">Container Tracking<\/a><\/p>\n<\/div><\/div><\/div><\/div><\/div>","protected":false},"excerpt":{"rendered":"<p>Containertransporte innerhalb der Schweiz und nach \u00dcbersee, werden von uns zuverl\u00e4ssig und termingerecht durchgef\u00fchrt. Dank unterschiedlichsten Fahrzeugtypen sind wir auch in der Lage 20&#8242; und 40&#8242; Container auf den Boden zu stellen oder den beladenen Container vom Boden aufzunehmen. Auf Wunsch bieten wir Ihnen auch Container zum Kauf (z.B. zur anschliessenden Verwendung als Lager am &hellip;<\/p>\n","protected":false},"author":1,"featured_media":5321,"parent":39910,"menu_order":2,"comment_status":"closed","ping_status":"closed","template":"","meta":{"_acf_changed":false,"footnotes":""},"class_list":["post-19913","page","type-page","status-publish","has-post-thumbnail","hentry"],"acf":[],"yoast_head":"<!-- This site is optimized with the Yoast SEO Premium plugin v27.4 (Yoast SEO v27.4) - https:\/\/yoast.com\/product\/yoast-seo-premium-wordpress\/ -->\n<title>Containertransports \/ Schweiz &amp; Overseas \/ Un- &amp; Loading \/ K. SCHMIED AG<\/title>\n<meta name=\"description\" content=\"Container transports within Switzerland or overseas - flexible, reliable, price-conscious. Container positioning or loading from the ground.\" \/>\n<meta name=\"robots\" content=\"index, follow, max-snippet:-1, max-image-preview:large, max-video-preview:-1\" \/>\n<link rel=\"canonical\" href=\"https:\/\/kschmied.ch\/en\/container\/containertransports\/\" \/>\n<meta property=\"og:locale\" content=\"en_US\" \/>\n<meta property=\"og:type\" content=\"article\" \/>\n<meta property=\"og:title\" content=\"K. SCHMIED AG \u2013 Containerverkauf Schweiz\" \/>\n<meta property=\"og:description\" content=\"Ihr Partner f\u00fcr Seecontainer und Lagercontainer in der Schweiz \u2013 zum Kauf oder zur Miete, mit optionalem Kranablade-Service.\" \/>\n<meta property=\"og:url\" content=\"https:\/\/kschmied.ch\/en\/container\/containertransports\/\" \/>\n<meta property=\"og:site_name\" content=\"K. Schmied AG \u2013 Containers &amp; Shipping Switzerland\" \/>\n<meta property=\"article:modified_time\" content=\"2025-12-22T13:30:51+00:00\" \/>\n<meta property=\"og:image\" content=\"https:\/\/kschmied.ch\/wp-content\/uploads\/2019\/09\/Containertransport_schweiz.jpg\" \/>\n\t<meta property=\"og:image:width\" content=\"600\" \/>\n\t<meta property=\"og:image:height\" content=\"400\" \/>\n\t<meta property=\"og:image:type\" content=\"image\/jpeg\" \/>\n<meta name=\"twitter:card\" content=\"summary_large_image\" \/>\n<meta name=\"twitter:label1\" content=\"Est. reading time\" \/>\n\t<meta name=\"twitter:data1\" content=\"1 minute\" \/>\n<!-- \/ Yoast SEO Premium plugin. -->","yoast_head_json":{"title":"Containertransports \/ Schweiz & Overseas \/ Un- & Loading \/ K. SCHMIED AG","description":"Container transports within Switzerland or overseas - flexible, reliable, price-conscious. Container positioning or loading from the ground.","robots":{"index":"index","follow":"follow","max-snippet":"max-snippet:-1","max-image-preview":"max-image-preview:large","max-video-preview":"max-video-preview:-1"},"canonical":"https:\/\/kschmied.ch\/en\/container\/containertransports\/","og_locale":"en_US","og_type":"article","og_title":"K. SCHMIED AG \u2013 Containerverkauf Schweiz","og_description":"Ihr Partner f\u00fcr Seecontainer und Lagercontainer in der Schweiz \u2013 zum Kauf oder zur Miete, mit optionalem Kranablade-Service.","og_url":"https:\/\/kschmied.ch\/en\/container\/containertransports\/","og_site_name":"K. Schmied AG \u2013 Containers &amp; Shipping Switzerland","article_modified_time":"2025-12-22T13:30:51+00:00","og_image":[{"width":600,"height":400,"url":"https:\/\/kschmied.ch\/wp-content\/uploads\/2019\/09\/Containertransport_schweiz.jpg","type":"image\/jpeg"}],"twitter_card":"summary_large_image","twitter_misc":{"Est. reading time":"1 minute"},"schema":{"@context":"https:\/\/schema.org","@graph":[{"@type":"WebPage","@id":"https:\/\/kschmied.ch\/en\/container\/containertransports\/","url":"https:\/\/kschmied.ch\/en\/container\/containertransports\/","name":"Containertransports \/ Schweiz & Overseas \/ Un- & Loading \/ K. SCHMIED AG","isPartOf":{"@id":"https:\/\/kschmied.ch\/en\/#website"},"primaryImageOfPage":{"@id":"https:\/\/kschmied.ch\/en\/container\/containertransports\/#primaryimage"},"image":{"@id":"https:\/\/kschmied.ch\/en\/container\/containertransports\/#primaryimage"},"thumbnailUrl":"https:\/\/kschmied.ch\/wp-content\/uploads\/2019\/09\/Containertransport_schweiz.jpg","datePublished":"2020-06-17T13:49:24+00:00","dateModified":"2025-12-22T13:30:51+00:00","description":"Container transports within Switzerland or overseas - flexible, reliable, price-conscious. Container positioning or loading from the ground.","breadcrumb":{"@id":"https:\/\/kschmied.ch\/en\/container\/containertransports\/#breadcrumb"},"inLanguage":"en-US","potentialAction":[{"@type":"ReadAction","target":["https:\/\/kschmied.ch\/en\/container\/containertransports\/"]}]},{"@type":"ImageObject","inLanguage":"en-US","@id":"https:\/\/kschmied.ch\/en\/container\/containertransports\/#primaryimage","url":"https:\/\/kschmied.ch\/wp-content\/uploads\/2019\/09\/Containertransport_schweiz.jpg","contentUrl":"https:\/\/kschmied.ch\/wp-content\/uploads\/2019\/09\/Containertransport_schweiz.jpg","width":600,"height":400,"caption":"Container transportation throughout Switzerland"},{"@type":"BreadcrumbList","@id":"https:\/\/kschmied.ch\/en\/container\/containertransports\/#breadcrumb","itemListElement":[{"@type":"ListItem","position":1,"name":"Accueil","item":"https:\/\/kschmied.ch\/en\/"},{"@type":"ListItem","position":2,"name":"Container","item":"https:\/\/kschmied.ch\/en\/container\/"},{"@type":"ListItem","position":3,"name":"Containertransports"}]},{"@type":"WebSite","@id":"https:\/\/kschmied.ch\/en\/#website","url":"https:\/\/kschmied.ch\/en\/","name":"K. SCHMIED AG","description":"Swiss container trading &amp; shipping since 1979","publisher":{"@id":"https:\/\/kschmied.ch\/en\/#organization"},"alternateName":"K. SCHMIED AG","potentialAction":[{"@type":"SearchAction","target":{"@type":"EntryPoint","urlTemplate":"https:\/\/kschmied.ch\/en\/?s={search_term_string}"},"query-input":{"@type":"PropertyValueSpecification","valueRequired":true,"valueName":"search_term_string"}}],"inLanguage":"en-US"},{"@type":"Organization","@id":"https:\/\/kschmied.ch\/en\/#organization","name":"K. SCHMIED AG","alternateName":"K. SCHMIED AG","url":"https:\/\/kschmied.ch\/en\/","logo":{"@type":"ImageObject","inLanguage":"en-US","@id":"https:\/\/kschmied.ch\/en\/#\/schema\/logo\/image\/","url":"https:\/\/kschmied.ch\/wp-content\/uploads\/2020\/07\/LOGO-gross.jpg","contentUrl":"https:\/\/kschmied.ch\/wp-content\/uploads\/2020\/07\/LOGO-gross.jpg","width":770,"height":240,"caption":"K. SCHMIED AG"},"image":{"@id":"https:\/\/kschmied.ch\/en\/#\/schema\/logo\/image\/"},"sameAs":["https:\/\/ch.linkedin.com\/company\/k-schmied-ag"],"description":"K. SCHMIED AG ist ein f\u00fchrendes Unternehmen im Bereich Containerverkauf und -vermietung in der Schweiz. Mit langj\u00e4hriger Erfahrung bieten wir unseren Kunden robuste, langlebige Seecontainer, Lagercontainer und Schnellbaucontainer in verschiedenen Gr\u00f6\u00dfen und Ausf\u00fchrungen. Unser Service umfasst auch Transportl\u00f6sungen, ma\u00dfgeschneiderte Containeranforderungen und weltweiten Versand. Qualit\u00e4t, Kundenzufriedenheit und Zuverl\u00e4ssigkeit stehen bei uns an erster Stelle.","email":"info@kschmied.ch","telephone":"041 811 30 03","legalName":"K. SCHMIED internat. Transporte & Handels AG","foundingDate":"1979-01-01","vatID":"CHE-107.962.018 MWST","taxID":"CHE-107.962.018 MWST","numberOfEmployees":{"@type":"QuantitativeValue","minValue":"1","maxValue":"10"}}]}},"_links":{"self":[{"href":"https:\/\/kschmied.ch\/en\/wp-json\/wp\/v2\/pages\/19913","targetHints":{"allow":["GET"]}}],"collection":[{"href":"https:\/\/kschmied.ch\/en\/wp-json\/wp\/v2\/pages"}],"about":[{"href":"https:\/\/kschmied.ch\/en\/wp-json\/wp\/v2\/types\/page"}],"author":[{"embeddable":true,"href":"https:\/\/kschmied.ch\/en\/wp-json\/wp\/v2\/users\/1"}],"replies":[{"embeddable":true,"href":"https:\/\/kschmied.ch\/en\/wp-json\/wp\/v2\/comments?post=19913"}],"version-history":[{"count":0,"href":"https:\/\/kschmied.ch\/en\/wp-json\/wp\/v2\/pages\/19913\/revisions"}],"up":[{"embeddable":true,"href":"https:\/\/kschmied.ch\/en\/wp-json\/wp\/v2\/pages\/39910"}],"wp:featuredmedia":[{"embeddable":true,"href":"https:\/\/kschmied.ch\/en\/wp-json\/wp\/v2\/media\/5321"}],"wp:attachment":[{"href":"https:\/\/kschmied.ch\/en\/wp-json\/wp\/v2\/media?parent=19913"}],"curies":[{"name":"wp","href":"https:\/\/api.w.org\/{rel}","templated":true}]}}