{"id":19897,"date":"2020-06-16T17:45:49","date_gmt":"2020-06-16T15:45:49","guid":{"rendered":"https:\/\/www.kschmied.ch\/container-services\/container-disposal\/"},"modified":"2025-10-14T20:43:10","modified_gmt":"2025-10-14T18:43:10","slug":"container-disposal","status":"publish","type":"page","link":"https:\/\/kschmied.ch\/en\/container\/services\/container-disposal\/","title":{"rendered":"Container disposal"},"content":{"rendered":"<div id=\"pl-19897\"  class=\"panel-layout\" ><div id=\"pg-19897-0\"  class=\"panel-grid panel-no-style\" ><div id=\"pgc-19897-0-0\"  class=\"panel-grid-cell\" ><div id=\"panel-19897-0-0-0\" class=\"so-panel widget widget_black-studio-tinymce widget_black_studio_tinymce panel-first-child panel-last-child\" data-index=\"0\" ><h3 class=\"widget-title\"><span class=\"widget-title__inline\">Container Entsorgung<\/span><\/h3><div class=\"textwidget\"><p>Da Seecontainer strukturell stabil, mobil und wasserdicht sind, werden diese h\u00e4ufig f\u00fcr die vor\u00fcbergehende Lagerung von G\u00fctern aller Art, sowie f\u00fcr andere Zwecke verwendet. Meist aus Stahl oder Aluminium gefertigt, k\u00f6nnen alte Schiffscontainer repariert und aufgearbeitet oder fast vollst\u00e4ndig recycelt werden. Container die nicht zu neuen Stahlprodukten recycelt werden k\u00f6nnen, werden h\u00e4ufig als Lagereinheiten aufgearbeitet oder f\u00fcr andere Zwecke wiederverwendet.<\/p>\n<\/div><\/div><\/div><\/div><div id=\"pg-19897-1\"  class=\"panel-grid panel-no-style\" ><div id=\"pgc-19897-1-0\"  class=\"panel-grid-cell\" ><div id=\"panel-19897-1-0-0\" class=\"so-panel widget widget_black-studio-tinymce widget_black_studio_tinymce panel-first-child panel-last-child\" data-index=\"1\" ><div class=\"textwidget\"><p>Sollte sich die Reparatur Ihres Containers (See-, Lager-, B\u00fcro- oder Wohncontainers) jedoch nicht mehr lohnen oder m\u00f6chten Sie diesen ganz einfach entsorgt haben, holen wir diesen nach Auftragsvergabe gerne bei Ihnen ab und lassen ihn fachgerecht entsorgen.<\/p>\n<p>Durch unser langj\u00e4hriges Netzwerk verf\u00fcgen wir \u00fcber verschiedenste Fahrzeuge f\u00fcr die Abholung der unterschiedlichen Containertypen. Auf Wunsch \u00fcbernehmen wir auch den Auflad mit einem LKW Kran.<\/p>\n<p>\u00dcber Ihre Anfrage w\u00fcrden wir uns freuen.<\/p>\n<\/div><\/div><\/div><div id=\"pgc-19897-1-1\"  class=\"panel-grid-cell\" ><div id=\"panel-19897-1-1-0\" class=\"so-panel widget widget_black-studio-tinymce widget_black_studio_tinymce panel-first-child panel-last-child\" data-index=\"2\" ><div class=\"textwidget\"><p><a href=\"https:\/\/www.kschmied.ch\/wp-content\/uploads\/2019\/09\/Seecontainer_Entsorgung_p.jpg\"><img loading=\"lazy\" decoding=\"async\" class=\"aligncenter wp-image-5291 size-medium\" src=\"https:\/\/www.kschmied.ch\/wp-content\/uploads\/2019\/09\/Seecontainer_Entsorgung_p-300x200.jpg\" alt=\"Seecontainer Entsorgung\" width=\"300\" height=\"200\" srcset=\"https:\/\/kschmied.ch\/wp-content\/uploads\/2019\/09\/Seecontainer_Entsorgung_p-300x200.jpg 300w, https:\/\/kschmied.ch\/wp-content\/uploads\/2019\/09\/Seecontainer_Entsorgung_p-360x240.jpg 360w, https:\/\/kschmied.ch\/wp-content\/uploads\/2019\/09\/Seecontainer_Entsorgung_p-500x333.jpg 500w, https:\/\/kschmied.ch\/wp-content\/uploads\/2019\/09\/Seecontainer_Entsorgung_p-272x182.jpg 272w, https:\/\/kschmied.ch\/wp-content\/uploads\/2019\/09\/Seecontainer_Entsorgung_p-400x267.jpg 400w, https:\/\/kschmied.ch\/wp-content\/uploads\/2019\/09\/Seecontainer_Entsorgung_p.jpg 600w\" sizes=\"auto, (max-width: 300px) 100vw, 300px\" \/><\/a><\/p>\n<\/div><\/div><\/div><\/div><div id=\"pg-19897-2\"  class=\"panel-grid panel-no-style\" ><div id=\"pgc-19897-2-0\"  class=\"panel-grid-cell\" ><div id=\"panel-19897-2-0-0\" class=\"so-panel widget widget_black-studio-tinymce widget_black_studio_tinymce panel-first-child panel-last-child\" data-index=\"3\" ><div class=\"textwidget\"><p><span style=\"color: #000000;\"><strong>CONTAINERTYPEN<br \/>\n<\/strong><\/span><\/p>\n<p>- Seecontainer<br \/>\n- B\u00fcrocontainer<br \/>\n- Lagercontainer<br \/>\n- Schnellbaucontanier<\/p>\n<p><span style=\"color: #000000;\"><strong>VOLUMEN<\/strong><\/span><\/p>\n<p>- 10' Container<br \/>\n- 20' Container<br \/>\n- 40' Container<br \/>\n- 45' Container<\/p>\n<\/div><\/div><\/div><div id=\"pgc-19897-2-1\"  class=\"panel-grid-cell\" ><div id=\"panel-19897-2-1-0\" class=\"so-panel widget widget_black-studio-tinymce widget_black_studio_tinymce panel-first-child panel-last-child\" data-index=\"4\" ><div class=\"textwidget\"><p><span style=\"color: #000000;\"><strong>SERVICE<\/strong><\/span><\/p>\n<p>- Abholung vor Ort<br \/>\n- Kranauflad<br \/>\n- Fachgerechte Entsorgung<\/p>\n<\/div><\/div><\/div><div id=\"pgc-19897-2-2\"  class=\"panel-grid-cell\" ><div id=\"panel-19897-2-2-0\" class=\"so-panel widget widget_black-studio-tinymce widget_black_studio_tinymce panel-first-child panel-last-child\" data-index=\"5\" ><div class=\"textwidget\"><\/div><\/div><\/div><\/div><\/div>","protected":false},"excerpt":{"rendered":"<p>On request, we also take care of professional disposal and transport to the nearest container disposal point.<\/p>\n","protected":false},"author":1,"featured_media":5292,"parent":19893,"menu_order":2,"comment_status":"closed","ping_status":"closed","template":"","meta":{"_acf_changed":false,"footnotes":""},"class_list":["post-19897","page","type-page","status-publish","has-post-thumbnail","hentry"],"acf":[],"yoast_head":"<!-- This site is optimized with the Yoast SEO Premium plugin v27.4 (Yoast SEO v27.4) - https:\/\/yoast.com\/product\/yoast-seo-premium-wordpress\/ -->\n<title>Container disposal - K. Schmied AG \u2013 Containers &amp; Shipping Switzerland<\/title>\n<meta name=\"description\" content=\"Professional container disposal including collection, transport and return to the nearest disposal center. Enquire now!\" \/>\n<meta name=\"robots\" content=\"index, follow, max-snippet:-1, max-image-preview:large, max-video-preview:-1\" \/>\n<link rel=\"canonical\" href=\"https:\/\/kschmied.ch\/en\/container\/services\/container-disposal\/\" \/>\n<meta property=\"og:locale\" content=\"en_US\" \/>\n<meta property=\"og:type\" content=\"article\" \/>\n<meta property=\"og:title\" content=\"K. SCHMIED AG \u2013 Containerverkauf Schweiz\" \/>\n<meta property=\"og:description\" content=\"Ihr Partner f\u00fcr Seecontainer und Lagercontainer in der Schweiz \u2013 zum Kauf oder zur Miete, mit optionalem Kranablade-Service.\" \/>\n<meta property=\"og:url\" content=\"https:\/\/kschmied.ch\/en\/container\/services\/container-disposal\/\" \/>\n<meta property=\"og:site_name\" content=\"K. Schmied AG \u2013 Containers &amp; Shipping Switzerland\" \/>\n<meta property=\"article:modified_time\" content=\"2025-10-14T18:43:10+00:00\" \/>\n<meta property=\"og:image\" content=\"https:\/\/kschmied.ch\/wp-content\/uploads\/2019\/09\/Seecontainer_Entsorgung_p.jpg\" \/>\n\t<meta property=\"og:image:width\" content=\"600\" \/>\n\t<meta property=\"og:image:height\" content=\"400\" \/>\n\t<meta property=\"og:image:type\" content=\"image\/jpeg\" \/>\n<meta name=\"twitter:card\" content=\"summary_large_image\" \/>\n<meta name=\"twitter:label1\" content=\"Est. reading time\" \/>\n\t<meta name=\"twitter:data1\" content=\"1 minute\" \/>\n<!-- \/ Yoast SEO Premium plugin. -->","yoast_head_json":{"title":"Container disposal - K. Schmied AG \u2013 Containers &amp; Shipping Switzerland","description":"Professional container disposal including collection, transport and return to the nearest disposal center. Enquire now!","robots":{"index":"index","follow":"follow","max-snippet":"max-snippet:-1","max-image-preview":"max-image-preview:large","max-video-preview":"max-video-preview:-1"},"canonical":"https:\/\/kschmied.ch\/en\/container\/services\/container-disposal\/","og_locale":"en_US","og_type":"article","og_title":"K. SCHMIED AG \u2013 Containerverkauf Schweiz","og_description":"Ihr Partner f\u00fcr Seecontainer und Lagercontainer in der Schweiz \u2013 zum Kauf oder zur Miete, mit optionalem Kranablade-Service.","og_url":"https:\/\/kschmied.ch\/en\/container\/services\/container-disposal\/","og_site_name":"K. Schmied AG \u2013 Containers &amp; Shipping Switzerland","article_modified_time":"2025-10-14T18:43:10+00:00","og_image":[{"width":600,"height":400,"url":"https:\/\/kschmied.ch\/wp-content\/uploads\/2019\/09\/Seecontainer_Entsorgung_p.jpg","type":"image\/jpeg"}],"twitter_card":"summary_large_image","twitter_misc":{"Est. reading time":"1 minute"},"schema":{"@context":"https:\/\/schema.org","@graph":[{"@type":"WebPage","@id":"https:\/\/kschmied.ch\/en\/container\/services\/container-disposal\/","url":"https:\/\/kschmied.ch\/en\/container\/services\/container-disposal\/","name":"Container disposal - K. Schmied AG \u2013 Containers &amp; Shipping Switzerland","isPartOf":{"@id":"https:\/\/kschmied.ch\/en\/#website"},"primaryImageOfPage":{"@id":"https:\/\/kschmied.ch\/en\/container\/services\/container-disposal\/#primaryimage"},"image":{"@id":"https:\/\/kschmied.ch\/en\/container\/services\/container-disposal\/#primaryimage"},"thumbnailUrl":"https:\/\/kschmied.ch\/wp-content\/uploads\/2019\/09\/Seecontainer_Entsorgung_p.jpg","datePublished":"2020-06-16T15:45:49+00:00","dateModified":"2025-10-14T18:43:10+00:00","description":"Professional container disposal including collection, transport and return to the nearest disposal center. Enquire now!","breadcrumb":{"@id":"https:\/\/kschmied.ch\/en\/container\/services\/container-disposal\/#breadcrumb"},"inLanguage":"en-US","potentialAction":[{"@type":"ReadAction","target":["https:\/\/kschmied.ch\/en\/container\/services\/container-disposal\/"]}]},{"@type":"ImageObject","inLanguage":"en-US","@id":"https:\/\/kschmied.ch\/en\/container\/services\/container-disposal\/#primaryimage","url":"https:\/\/kschmied.ch\/wp-content\/uploads\/2019\/09\/Seecontainer_Entsorgung_p.jpg","contentUrl":"https:\/\/kschmied.ch\/wp-content\/uploads\/2019\/09\/Seecontainer_Entsorgung_p.jpg","width":600,"height":400,"caption":"Seacontainer disposal"},{"@type":"BreadcrumbList","@id":"https:\/\/kschmied.ch\/en\/container\/services\/container-disposal\/#breadcrumb","itemListElement":[{"@type":"ListItem","position":1,"name":"Accueil","item":"https:\/\/kschmied.ch\/en\/"},{"@type":"ListItem","position":2,"name":"Container","item":"https:\/\/kschmied.ch\/en\/container\/"},{"@type":"ListItem","position":3,"name":"Container Services","item":"https:\/\/kschmied.ch\/en\/container\/services\/"},{"@type":"ListItem","position":4,"name":"Container disposal"}]},{"@type":"WebSite","@id":"https:\/\/kschmied.ch\/en\/#website","url":"https:\/\/kschmied.ch\/en\/","name":"K. SCHMIED AG","description":"Swiss container trading &amp; shipping since 1979","publisher":{"@id":"https:\/\/kschmied.ch\/en\/#organization"},"alternateName":"K. SCHMIED AG","potentialAction":[{"@type":"SearchAction","target":{"@type":"EntryPoint","urlTemplate":"https:\/\/kschmied.ch\/en\/?s={search_term_string}"},"query-input":{"@type":"PropertyValueSpecification","valueRequired":true,"valueName":"search_term_string"}}],"inLanguage":"en-US"},{"@type":"Organization","@id":"https:\/\/kschmied.ch\/en\/#organization","name":"K. SCHMIED AG","alternateName":"K. SCHMIED AG","url":"https:\/\/kschmied.ch\/en\/","logo":{"@type":"ImageObject","inLanguage":"en-US","@id":"https:\/\/kschmied.ch\/en\/#\/schema\/logo\/image\/","url":"https:\/\/kschmied.ch\/wp-content\/uploads\/2020\/07\/LOGO-gross.jpg","contentUrl":"https:\/\/kschmied.ch\/wp-content\/uploads\/2020\/07\/LOGO-gross.jpg","width":770,"height":240,"caption":"K. SCHMIED AG"},"image":{"@id":"https:\/\/kschmied.ch\/en\/#\/schema\/logo\/image\/"},"sameAs":["https:\/\/ch.linkedin.com\/company\/k-schmied-ag"],"description":"K. SCHMIED AG ist ein f\u00fchrendes Unternehmen im Bereich Containerverkauf und -vermietung in der Schweiz. Mit langj\u00e4hriger Erfahrung bieten wir unseren Kunden robuste, langlebige Seecontainer, Lagercontainer und Schnellbaucontainer in verschiedenen Gr\u00f6\u00dfen und Ausf\u00fchrungen. Unser Service umfasst auch Transportl\u00f6sungen, ma\u00dfgeschneiderte Containeranforderungen und weltweiten Versand. Qualit\u00e4t, Kundenzufriedenheit und Zuverl\u00e4ssigkeit stehen bei uns an erster Stelle.","email":"info@kschmied.ch","telephone":"041 811 30 03","legalName":"K. SCHMIED internat. Transporte & Handels AG","foundingDate":"1979-01-01","vatID":"CHE-107.962.018 MWST","taxID":"CHE-107.962.018 MWST","numberOfEmployees":{"@type":"QuantitativeValue","minValue":"1","maxValue":"10"}}]}},"_links":{"self":[{"href":"https:\/\/kschmied.ch\/en\/wp-json\/wp\/v2\/pages\/19897","targetHints":{"allow":["GET"]}}],"collection":[{"href":"https:\/\/kschmied.ch\/en\/wp-json\/wp\/v2\/pages"}],"about":[{"href":"https:\/\/kschmied.ch\/en\/wp-json\/wp\/v2\/types\/page"}],"author":[{"embeddable":true,"href":"https:\/\/kschmied.ch\/en\/wp-json\/wp\/v2\/users\/1"}],"replies":[{"embeddable":true,"href":"https:\/\/kschmied.ch\/en\/wp-json\/wp\/v2\/comments?post=19897"}],"version-history":[{"count":0,"href":"https:\/\/kschmied.ch\/en\/wp-json\/wp\/v2\/pages\/19897\/revisions"}],"up":[{"embeddable":true,"href":"https:\/\/kschmied.ch\/en\/wp-json\/wp\/v2\/pages\/19893"}],"wp:featuredmedia":[{"embeddable":true,"href":"https:\/\/kschmied.ch\/en\/wp-json\/wp\/v2\/media\/5292"}],"wp:attachment":[{"href":"https:\/\/kschmied.ch\/en\/wp-json\/wp\/v2\/media?parent=19897"}],"curies":[{"name":"wp","href":"https:\/\/api.w.org\/{rel}","templated":true}]}}