{"id":19895,"date":"2020-06-16T17:27:12","date_gmt":"2020-06-16T15:27:12","guid":{"rendered":"https:\/\/www.kschmied.ch\/container-services\/repairs\/"},"modified":"2022-04-14T13:47:43","modified_gmt":"2022-04-14T11:47:43","slug":"repairs","status":"publish","type":"page","link":"https:\/\/kschmied.ch\/en\/container\/services\/repairs\/","title":{"rendered":"Repairs"},"content":{"rendered":"<div id=\"pl-19895\"  class=\"panel-layout\" ><div id=\"pg-19895-0\"  class=\"panel-grid panel-no-style\" ><div id=\"pgc-19895-0-0\"  class=\"panel-grid-cell\" ><div id=\"panel-19895-0-0-0\" class=\"so-panel widget widget_black-studio-tinymce widget_black_studio_tinymce panel-first-child panel-last-child\" data-index=\"0\" ><h3 class=\"widget-title\"><span class=\"widget-title__inline\">Container repairs &#8211; sea containers<\/span><\/h3><div class=\"textwidget\"><p>Containers are exposed to a wide range of natural and environmental influences during transport and storage. The containers are also burdened by additional loads when handling, as well as when setting up and setting down the containers<\/p>\n<p>Together with partner depots in Basel, we are also happy to take care of repairs of sea- and storage- containers or refrigerated containers (refrigerated sea containers) Sea containers are checked and logged in accordance with the international CSC regulations. After sending the cost estimate and receiving your consent, the containers will be repaired.<\/p>\n<p>Repair work is usually carried out in the depot in Basel. We also take care of the return transport to and from the depot, as well as with crane loading and unloading on request.<\/p>\n<p>Most of the work and services (inspection, repair, cleaning, etc.) are done in the container depots. These are usually located where empty sea containers are temporarily stored between unloading and reloading. This means in the sea and inland ports, as well as in larger rail handling terminals such as Basel<\/p>\n<\/div><\/div><\/div><\/div><div id=\"pg-19895-1\"  class=\"panel-grid panel-no-style\" ><div id=\"pgc-19895-1-0\"  class=\"panel-grid-cell\" ><div id=\"panel-19895-1-0-0\" class=\"so-panel widget widget_black-studio-tinymce widget_black_studio_tinymce panel-first-child panel-last-child\" data-index=\"1\" ><div class=\"textwidget\"><h4>For inquiries about repair or service work, we ask for the following details:<\/h4>\n<ol>\n<li>Containertyp<\/li>\n<li>Description of the damage (please also send photos)<\/li>\n<li>If collection is desired, then we ask for the pick-up location and whether we should load it with a truck crane.<\/li>\n<li>According to which standard must the container be repaired (according to CSC, WWT, ...)?<\/li>\n<\/ol>\n<\/div><\/div><\/div><div id=\"pgc-19895-1-1\"  class=\"panel-grid-cell\" ><div id=\"panel-19895-1-1-0\" class=\"so-panel widget widget_black-studio-tinymce widget_black_studio_tinymce panel-first-child panel-last-child\" data-index=\"2\" ><div class=\"textwidget\"><p>          <img loading=\"lazy\" decoding=\"async\" class=\"alignnone wp-image-5274 size-medium\" src=\"https:\/\/www.kschmied.ch\/wp-content\/uploads\/2019\/09\/container_repair-300x200.jpg\" alt=\"Container repairs\" width=\"300\" height=\"200\" srcset=\"https:\/\/kschmied.ch\/wp-content\/uploads\/2019\/09\/container_repair-300x200.jpg 300w, https:\/\/kschmied.ch\/wp-content\/uploads\/2019\/09\/container_repair-360x240.jpg 360w, https:\/\/kschmied.ch\/wp-content\/uploads\/2019\/09\/container_repair-500x333.jpg 500w, https:\/\/kschmied.ch\/wp-content\/uploads\/2019\/09\/container_repair-272x182.jpg 272w, https:\/\/kschmied.ch\/wp-content\/uploads\/2019\/09\/container_repair-400x267.jpg 400w, https:\/\/kschmied.ch\/wp-content\/uploads\/2019\/09\/container_repair.jpg 600w\" sizes=\"auto, (max-width: 300px) 100vw, 300px\" \/><\/p>\n<\/div><\/div><\/div><\/div><div id=\"pg-19895-2\"  class=\"panel-grid panel-has-style\" ><div class=\"panel-row-style panel-row-style-for-19895-2\" ><div id=\"pgc-19895-2-0\"  class=\"panel-grid-cell\" ><div id=\"panel-19895-2-0-0\" class=\"widget_text so-panel widget widget_custom_html panel-first-child panel-last-child\" data-index=\"3\" ><div class=\"widget_text panel-widget-style panel-widget-style-for-19895-2-0-0\" ><div class=\"textwidget custom-html-widget\"><\/div><\/div><\/div><\/div><\/div><\/div><div id=\"pg-19895-3\"  class=\"panel-grid panel-no-style\" ><div id=\"pgc-19895-3-0\"  class=\"panel-grid-cell\" ><div id=\"panel-19895-3-0-0\" class=\"so-panel widget widget_black-studio-tinymce widget_black_studio_tinymce panel-first-child panel-last-child\" data-index=\"4\" ><div class=\"textwidget\"><p><span style=\"color: #000000;\"><strong>CONTAINER TYPES<br \/>\n<\/strong><\/span><\/p>\n<p>- Sea containers<\/p>\n<p><span style=\"color: #000000;\"><strong>Volume<\/strong><\/span><\/p>\n<p>- 10' Container<br \/>\n- 20' Container<br \/>\n- 40' Container<br \/>\n- 45' Container<\/p>\n<\/div><\/div><\/div><div id=\"pgc-19895-3-1\"  class=\"panel-grid-cell\" ><div id=\"panel-19895-3-1-0\" class=\"so-panel widget widget_black-studio-tinymce widget_black_studio_tinymce panel-first-child panel-last-child\" data-index=\"5\" ><div class=\"textwidget\"><p><span style=\"color: #000000;\"><strong>SERVICE<\/strong><\/span><\/p>\n<p>- Transport to Containerdepot<br \/>\n- Collection by truck crane (on request)<br \/>\n- Repairs according to your requirements<\/p>\n<\/div><\/div><\/div><div id=\"pgc-19895-3-2\"  class=\"panel-grid-cell\" ><div id=\"panel-19895-3-2-0\" class=\"so-panel widget widget_black-studio-tinymce widget_black_studio_tinymce panel-first-child panel-last-child\" data-index=\"6\" ><div class=\"textwidget\"><p><strong>Usefull Links:<\/strong><\/p>\n<p><span style=\"color: #000000;\"><br \/>\n<a style=\"color: #000000;\" href=\"http:\/\/www.tis-gdv.de\/tis\/containe\/kontroll\/kontroll.htm\" target=\"_blank\" rel=\"noopener\">Container Control (CSC)<\/a><br \/>\n<\/span><\/p>\n<p><a href=\"https:\/\/www.imo.org\/en\/About\/Conventions\/Pages\/International-Convention-for-Safe-Containers-(CSC).aspx\" target=\"_blank\" rel=\"noopener\"><br \/>\n<span style=\"color: #000000;\">International regulations of the Container Safety Convention (CSC)<\/span><br \/>\n<\/a><\/p>\n<\/div><\/div><\/div><\/div><\/div>","protected":false},"excerpt":{"rendered":"<p>Together with partner repair centers \/ depots in Basel, we also take care of various repairs of seacontainers.<\/p>\n","protected":false},"author":1,"featured_media":7128,"parent":19893,"menu_order":2,"comment_status":"closed","ping_status":"closed","template":"","meta":{"_acf_changed":false,"footnotes":""},"class_list":["post-19895","page","type-page","status-publish","has-post-thumbnail","hentry"],"acf":[],"yoast_head":"<!-- This site is optimized with the Yoast SEO Premium plugin v27.4 (Yoast SEO v27.4) - https:\/\/yoast.com\/product\/yoast-seo-premium-wordpress\/ -->\n<title>Repairs - K. Schmied AG \u2013 Containers &amp; Shipping Switzerland<\/title>\n<meta name=\"description\" content=\"Entdecken Sie hochwertige Seecontainer, Lagercontainer und Schnellbaucontainer zum Kauf oder zur Miete in der Schweiz. Erfahren Sie mehr \u00fcber die verf\u00fcgbaren Gr\u00f6\u00dfen, Ausf\u00fchrungen und Preise. Kontaktieren Sie uns f\u00fcr eine kostenlose Anfrage!\" \/>\n<meta name=\"robots\" content=\"index, follow, max-snippet:-1, max-image-preview:large, max-video-preview:-1\" \/>\n<link rel=\"canonical\" href=\"https:\/\/kschmied.ch\/en\/container\/services\/repairs\/\" \/>\n<meta property=\"og:locale\" content=\"en_US\" \/>\n<meta property=\"og:type\" content=\"article\" \/>\n<meta property=\"og:title\" content=\"K. SCHMIED AG \u2013 Containerverkauf Schweiz\" \/>\n<meta property=\"og:description\" content=\"Ihr Partner f\u00fcr Seecontainer und Lagercontainer in der Schweiz \u2013 zum Kauf oder zur Miete, mit optionalem Kranablade-Service.\" \/>\n<meta property=\"og:url\" content=\"https:\/\/kschmied.ch\/en\/container\/services\/repairs\/\" \/>\n<meta property=\"og:site_name\" content=\"K. Schmied AG \u2013 Containers &amp; Shipping Switzerland\" \/>\n<meta property=\"article:modified_time\" content=\"2022-04-14T11:47:43+00:00\" \/>\n<meta property=\"og:image\" content=\"https:\/\/kschmied.ch\/wp-content\/uploads\/2019\/11\/Container_Reparaturen.jpg\" \/>\n\t<meta property=\"og:image:width\" content=\"300\" \/>\n\t<meta property=\"og:image:height\" content=\"200\" \/>\n\t<meta property=\"og:image:type\" content=\"image\/jpeg\" \/>\n<meta name=\"twitter:card\" content=\"summary_large_image\" \/>\n<meta name=\"twitter:label1\" content=\"Est. reading time\" \/>\n\t<meta name=\"twitter:data1\" content=\"1 minute\" \/>\n<!-- \/ Yoast SEO Premium plugin. -->","yoast_head_json":{"title":"Repairs - K. Schmied AG \u2013 Containers &amp; Shipping Switzerland","description":"Entdecken Sie hochwertige Seecontainer, Lagercontainer und Schnellbaucontainer zum Kauf oder zur Miete in der Schweiz. Erfahren Sie mehr \u00fcber die verf\u00fcgbaren Gr\u00f6\u00dfen, Ausf\u00fchrungen und Preise. Kontaktieren Sie uns f\u00fcr eine kostenlose Anfrage!","robots":{"index":"index","follow":"follow","max-snippet":"max-snippet:-1","max-image-preview":"max-image-preview:large","max-video-preview":"max-video-preview:-1"},"canonical":"https:\/\/kschmied.ch\/en\/container\/services\/repairs\/","og_locale":"en_US","og_type":"article","og_title":"K. SCHMIED AG \u2013 Containerverkauf Schweiz","og_description":"Ihr Partner f\u00fcr Seecontainer und Lagercontainer in der Schweiz \u2013 zum Kauf oder zur Miete, mit optionalem Kranablade-Service.","og_url":"https:\/\/kschmied.ch\/en\/container\/services\/repairs\/","og_site_name":"K. Schmied AG \u2013 Containers &amp; Shipping Switzerland","article_modified_time":"2022-04-14T11:47:43+00:00","og_image":[{"width":300,"height":200,"url":"https:\/\/kschmied.ch\/wp-content\/uploads\/2019\/11\/Container_Reparaturen.jpg","type":"image\/jpeg"}],"twitter_card":"summary_large_image","twitter_misc":{"Est. reading time":"1 minute"},"schema":{"@context":"https:\/\/schema.org","@graph":[{"@type":"WebPage","@id":"https:\/\/kschmied.ch\/en\/container\/services\/repairs\/","url":"https:\/\/kschmied.ch\/en\/container\/services\/repairs\/","name":"Repairs - K. Schmied AG \u2013 Containers &amp; Shipping Switzerland","isPartOf":{"@id":"https:\/\/kschmied.ch\/en\/#website"},"primaryImageOfPage":{"@id":"https:\/\/kschmied.ch\/en\/container\/services\/repairs\/#primaryimage"},"image":{"@id":"https:\/\/kschmied.ch\/en\/container\/services\/repairs\/#primaryimage"},"thumbnailUrl":"https:\/\/kschmied.ch\/wp-content\/uploads\/2019\/11\/Container_Reparaturen.jpg","datePublished":"2020-06-16T15:27:12+00:00","dateModified":"2022-04-14T11:47:43+00:00","description":"Entdecken Sie hochwertige Seecontainer, Lagercontainer und Schnellbaucontainer zum Kauf oder zur Miete in der Schweiz. Erfahren Sie mehr \u00fcber die verf\u00fcgbaren Gr\u00f6\u00dfen, Ausf\u00fchrungen und Preise. Kontaktieren Sie uns f\u00fcr eine kostenlose Anfrage!","breadcrumb":{"@id":"https:\/\/kschmied.ch\/en\/container\/services\/repairs\/#breadcrumb"},"inLanguage":"en-US","potentialAction":[{"@type":"ReadAction","target":["https:\/\/kschmied.ch\/en\/container\/services\/repairs\/"]}]},{"@type":"ImageObject","inLanguage":"en-US","@id":"https:\/\/kschmied.ch\/en\/container\/services\/repairs\/#primaryimage","url":"https:\/\/kschmied.ch\/wp-content\/uploads\/2019\/11\/Container_Reparaturen.jpg","contentUrl":"https:\/\/kschmied.ch\/wp-content\/uploads\/2019\/11\/Container_Reparaturen.jpg","width":300,"height":200,"caption":"Container Reparaturen"},{"@type":"BreadcrumbList","@id":"https:\/\/kschmied.ch\/en\/container\/services\/repairs\/#breadcrumb","itemListElement":[{"@type":"ListItem","position":1,"name":"Accueil","item":"https:\/\/kschmied.ch\/en\/"},{"@type":"ListItem","position":2,"name":"Container","item":"https:\/\/kschmied.ch\/en\/container\/"},{"@type":"ListItem","position":3,"name":"Container Services","item":"https:\/\/kschmied.ch\/en\/container\/services\/"},{"@type":"ListItem","position":4,"name":"Repairs"}]},{"@type":"WebSite","@id":"https:\/\/kschmied.ch\/en\/#website","url":"https:\/\/kschmied.ch\/en\/","name":"K. SCHMIED AG","description":"Swiss container trading &amp; shipping since 1979","publisher":{"@id":"https:\/\/kschmied.ch\/en\/#organization"},"alternateName":"K. SCHMIED AG","potentialAction":[{"@type":"SearchAction","target":{"@type":"EntryPoint","urlTemplate":"https:\/\/kschmied.ch\/en\/?s={search_term_string}"},"query-input":{"@type":"PropertyValueSpecification","valueRequired":true,"valueName":"search_term_string"}}],"inLanguage":"en-US"},{"@type":"Organization","@id":"https:\/\/kschmied.ch\/en\/#organization","name":"K. SCHMIED AG","alternateName":"K. SCHMIED AG","url":"https:\/\/kschmied.ch\/en\/","logo":{"@type":"ImageObject","inLanguage":"en-US","@id":"https:\/\/kschmied.ch\/en\/#\/schema\/logo\/image\/","url":"https:\/\/kschmied.ch\/wp-content\/uploads\/2020\/07\/LOGO-gross.jpg","contentUrl":"https:\/\/kschmied.ch\/wp-content\/uploads\/2020\/07\/LOGO-gross.jpg","width":770,"height":240,"caption":"K. SCHMIED AG"},"image":{"@id":"https:\/\/kschmied.ch\/en\/#\/schema\/logo\/image\/"},"sameAs":["https:\/\/ch.linkedin.com\/company\/k-schmied-ag"],"description":"K. SCHMIED AG ist ein f\u00fchrendes Unternehmen im Bereich Containerverkauf und -vermietung in der Schweiz. Mit langj\u00e4hriger Erfahrung bieten wir unseren Kunden robuste, langlebige Seecontainer, Lagercontainer und Schnellbaucontainer in verschiedenen Gr\u00f6\u00dfen und Ausf\u00fchrungen. Unser Service umfasst auch Transportl\u00f6sungen, ma\u00dfgeschneiderte Containeranforderungen und weltweiten Versand. Qualit\u00e4t, Kundenzufriedenheit und Zuverl\u00e4ssigkeit stehen bei uns an erster Stelle.","email":"info@kschmied.ch","telephone":"041 811 30 03","legalName":"K. SCHMIED internat. Transporte & Handels AG","foundingDate":"1979-01-01","vatID":"CHE-107.962.018 MWST","taxID":"CHE-107.962.018 MWST","numberOfEmployees":{"@type":"QuantitativeValue","minValue":"1","maxValue":"10"}}]}},"_links":{"self":[{"href":"https:\/\/kschmied.ch\/en\/wp-json\/wp\/v2\/pages\/19895","targetHints":{"allow":["GET"]}}],"collection":[{"href":"https:\/\/kschmied.ch\/en\/wp-json\/wp\/v2\/pages"}],"about":[{"href":"https:\/\/kschmied.ch\/en\/wp-json\/wp\/v2\/types\/page"}],"author":[{"embeddable":true,"href":"https:\/\/kschmied.ch\/en\/wp-json\/wp\/v2\/users\/1"}],"replies":[{"embeddable":true,"href":"https:\/\/kschmied.ch\/en\/wp-json\/wp\/v2\/comments?post=19895"}],"version-history":[{"count":0,"href":"https:\/\/kschmied.ch\/en\/wp-json\/wp\/v2\/pages\/19895\/revisions"}],"up":[{"embeddable":true,"href":"https:\/\/kschmied.ch\/en\/wp-json\/wp\/v2\/pages\/19893"}],"wp:featuredmedia":[{"embeddable":true,"href":"https:\/\/kschmied.ch\/en\/wp-json\/wp\/v2\/media\/7128"}],"wp:attachment":[{"href":"https:\/\/kschmied.ch\/en\/wp-json\/wp\/v2\/media?parent=19895"}],"curies":[{"name":"wp","href":"https:\/\/api.w.org\/{rel}","templated":true}]}}