{"id":19893,"date":"2020-06-16T16:05:05","date_gmt":"2020-06-16T14:05:05","guid":{"rendered":"https:\/\/www.kschmied.ch\/container-services\/"},"modified":"2025-12-22T14:26:57","modified_gmt":"2025-12-22T13:26:57","slug":"services","status":"publish","type":"page","link":"https:\/\/kschmied.ch\/en\/container\/services\/","title":{"rendered":"Container Services"},"content":{"rendered":"<div id=\"pl-19893\"  class=\"panel-layout\" ><div id=\"pg-19893-0\"  class=\"panel-grid panel-no-style\" ><div id=\"pgc-19893-0-0\"  class=\"panel-grid-cell\" ><div id=\"panel-19893-0-0-0\" class=\"so-panel widget widget_pw_featured_page widget-featured-page panel-first-child panel-last-child\" data-index=\"0\" >\n\t<div class=\"page-box  page-box--block\">\n\t\t\t\t\t\t\t\t\t<a class=\"page-box__picture\" href=\"https:\/\/kschmied.ch\/container\/containerdienstleistungen\/logos-beschriftungen\/\">\n\t\t\t\t\t<img loading=\"lazy\" decoding=\"async\" src=\"https:\/\/kschmied.ch\/wp-content\/uploads\/2019\/09\/logos_beschriftungen-360x240.jpg\" width=\"360\" height=\"240\" srcset=\"https:\/\/kschmied.ch\/wp-content\/uploads\/2019\/09\/logos_beschriftungen-360x240.jpg 360w, https:\/\/kschmied.ch\/wp-content\/uploads\/2019\/09\/logos_beschriftungen.jpg 600w\" sizes=\"auto, (min-width: 992px) 360px, calc(100vw - 30px)\" class=\"wp-post-image\" alt=\"LOGOS &amp; BESCHRIFTUNGEN\">\n\t\t\t\t<\/a>\n\t\t\t\t\t\t\t<div class=\"page-box__content\">\n\t\t\t<h5 class=\"page-box__title text-uppercase\"><a href=\"https:\/\/kschmied.ch\/container\/containerdienstleistungen\/logos-beschriftungen\/\">LOGOS &amp; BESCHRIFTUNGEN<\/a><\/h5>\n\t\t\t<p>Seecontainer in Ihren Firmenfarbe, sowie auf Wunsch auch mit Schriftzug und Logo versehen.<\/p>\n\t\t\t\t\t\t\t<p><a href=\"https:\/\/kschmied.ch\/container\/containerdienstleistungen\/logos-beschriftungen\/\" class=\"read-more  read-more--page-box\">MEHR ERFAHREN<\/a><\/p>\n\t\t\t\t\t<\/div>\n\t<\/div>\n\n<\/div><\/div><div id=\"pgc-19893-0-1\"  class=\"panel-grid-cell\" ><div id=\"panel-19893-0-1-0\" class=\"so-panel widget widget_pw_featured_page widget-featured-page panel-first-child panel-last-child\" data-index=\"1\" >\n\t<div class=\"page-box  page-box--block\">\n\t\t\t\t\t\t\t\t\t<a class=\"page-box__picture\" href=\"https:\/\/kschmied.ch\/container\/containerdienstleistungen\/farben-wunschfarben\/\">\n\t\t\t\t\t<img loading=\"lazy\" decoding=\"async\" src=\"https:\/\/kschmied.ch\/wp-content\/uploads\/2019\/09\/Container_Farben-360x240.jpg\" width=\"360\" height=\"240\" srcset=\"https:\/\/kschmied.ch\/wp-content\/uploads\/2019\/09\/Container_Farben-360x240.jpg 360w, https:\/\/kschmied.ch\/wp-content\/uploads\/2019\/09\/Container_Farben.jpg 600w\" sizes=\"auto, (min-width: 992px) 360px, calc(100vw - 30px)\" class=\"wp-post-image\" alt=\"WUNSCHFARBEN (RAL)\">\n\t\t\t\t<\/a>\n\t\t\t\t\t\t\t<div class=\"page-box__content\">\n\t\t\t<h5 class=\"page-box__title text-uppercase\"><a href=\"https:\/\/kschmied.ch\/container\/containerdienstleistungen\/farben-wunschfarben\/\">WUNSCHFARBEN (RAL)<\/a><\/h5>\n\t\t\t<p>Grosse Auswahl an Standardfarben, sowie die M\u00f6glichkeit Container neu Einf\u00e4rben zu lassen oder diese mit Logos und Schriftz\u00fcgen zu versehen.<\/p>\n\t\t\t\t\t\t\t<p><a href=\"https:\/\/kschmied.ch\/container\/containerdienstleistungen\/farben-wunschfarben\/\" class=\"read-more  read-more--page-box\">MEHR ERFAHREN<\/a><\/p>\n\t\t\t\t\t<\/div>\n\t<\/div>\n\n<\/div><\/div><div id=\"pgc-19893-0-2\"  class=\"panel-grid-cell\" ><div id=\"panel-19893-0-2-0\" class=\"so-panel widget widget_pw_featured_page widget-featured-page panel-first-child panel-last-child\" data-index=\"2\" >\n\t<div class=\"page-box  page-box--block\">\n\t\t\t\t\t\t\t\t\t<a class=\"page-box__picture\" href=\"https:\/\/kschmied.ch\/container\/containerdienstleistungen\/auf-ablad-container\/\">\n\t\t\t\t\t<img loading=\"lazy\" decoding=\"async\" src=\"https:\/\/kschmied.ch\/wp-content\/uploads\/2019\/11\/Ablad.jpg\" width=\"300\" height=\"200\" srcset=\"https:\/\/kschmied.ch\/wp-content\/uploads\/2019\/11\/Ablad.jpg 300w, https:\/\/kschmied.ch\/wp-content\/uploads\/2019\/11\/Ablad.jpg 300w\" sizes=\"auto, (min-width: 992px) 360px, calc(100vw - 30px)\" class=\"wp-post-image\" alt=\"Auf- &amp; Abladem\u00f6glichkeiten\">\n\t\t\t\t<\/a>\n\t\t\t\t\t\t\t<div class=\"page-box__content\">\n\t\t\t<h5 class=\"page-box__title text-uppercase\"><a href=\"https:\/\/kschmied.ch\/container\/containerdienstleistungen\/auf-ablad-container\/\">Auf- &amp; Abladem\u00f6glichkeiten<\/a><\/h5>\n\t\t\t<p>Auf- und Ablad von Container mit allen m\u00f6glichen Optionen. Kranablad, Scrapliner, Seitenablad, Spezialkran, Helikopter, ...<\/p>\n\t\t\t\t\t\t\t<p><a href=\"https:\/\/kschmied.ch\/container\/containerdienstleistungen\/auf-ablad-container\/\" class=\"read-more  read-more--page-box\">MEHR ERFAHREN<\/a><\/p>\n\t\t\t\t\t<\/div>\n\t<\/div>\n\n<\/div><\/div><\/div><div id=\"pg-19893-1\"  class=\"panel-grid panel-no-style\" ><div id=\"pgc-19893-1-0\"  class=\"panel-grid-cell\" ><div id=\"panel-19893-1-0-0\" class=\"so-panel widget widget_pw_featured_page widget-featured-page panel-first-child panel-last-child\" data-index=\"3\" >\n\t<div class=\"page-box  page-box--block\">\n\t\t\t\t\t\t\t\t\t<a class=\"page-box__picture\" href=\"https:\/\/kschmied.ch\/container\/containerdienstleistungen\/reparaturen\/\">\n\t\t\t\t\t<img loading=\"lazy\" decoding=\"async\" src=\"https:\/\/kschmied.ch\/wp-content\/uploads\/2019\/11\/Container_Reparaturen.jpg\" width=\"300\" height=\"200\" srcset=\"https:\/\/kschmied.ch\/wp-content\/uploads\/2019\/11\/Container_Reparaturen.jpg 300w, https:\/\/kschmied.ch\/wp-content\/uploads\/2019\/11\/Container_Reparaturen.jpg 300w\" sizes=\"auto, (min-width: 992px) 360px, calc(100vw - 30px)\" class=\"wp-post-image\" alt=\"REPARATUREN\">\n\t\t\t\t<\/a>\n\t\t\t\t\t\t\t<div class=\"page-box__content\">\n\t\t\t<h5 class=\"page-box__title text-uppercase\"><a href=\"https:\/\/kschmied.ch\/container\/containerdienstleistungen\/reparaturen\/\">REPARATUREN<\/a><\/h5>\n\t\t\t<p>Zusammen mit Partner-Reparaturstellen\/Depots in Basel k\u00fcmmern wir uns auch um div. Reparaturen von Seecontainer.<\/p>\n\t\t\t\t\t\t\t<p><a href=\"https:\/\/kschmied.ch\/container\/containerdienstleistungen\/reparaturen\/\" class=\"read-more  read-more--page-box\">MEHR ERFAHREN<\/a><\/p>\n\t\t\t\t\t<\/div>\n\t<\/div>\n\n<\/div><\/div><div id=\"pgc-19893-1-1\"  class=\"panel-grid-cell\" ><div id=\"panel-19893-1-1-0\" class=\"so-panel widget widget_pw_featured_page widget-featured-page panel-first-child panel-last-child\" data-index=\"4\" >\n\t<div class=\"page-box  page-box--block\">\n\t\t\t\t\t\t\t\t\t<a class=\"page-box__picture\" href=\"https:\/\/kschmied.ch\/container\/containerdienstleistungen\/container-entsorgung-schweiz-fachgerechte-rueckfuehrung\/\">\n\t\t\t\t\t<img loading=\"lazy\" decoding=\"async\" src=\"https:\/\/kschmied.ch\/wp-content\/uploads\/2019\/09\/Seecontainer_Entsorgung_p-360x240.jpg\" width=\"360\" height=\"240\" srcset=\"https:\/\/kschmied.ch\/wp-content\/uploads\/2019\/09\/Seecontainer_Entsorgung_p-360x240.jpg 360w, https:\/\/kschmied.ch\/wp-content\/uploads\/2019\/09\/Seecontainer_Entsorgung_p.jpg 600w\" sizes=\"auto, (min-width: 992px) 360px, calc(100vw - 30px)\" class=\"wp-post-image\" alt=\"Container Entsorgung\">\n\t\t\t\t<\/a>\n\t\t\t\t\t\t\t<div class=\"page-box__content\">\n\t\t\t<h5 class=\"page-box__title text-uppercase\"><a href=\"https:\/\/kschmied.ch\/container\/containerdienstleistungen\/container-entsorgung-schweiz-fachgerechte-rueckfuehrung\/\">Container Entsorgung<\/a><\/h5>\n\t\t\t<p>Wir k\u00fcmmern uns auf Wunsch auch um die fachgerechte Entsorgung und Transport zur n\u00e4chstgelegenen Container-Entsorgungsstelle.<\/p>\n\t\t\t\t\t\t\t<p><a href=\"https:\/\/kschmied.ch\/container\/containerdienstleistungen\/container-entsorgung-schweiz-fachgerechte-rueckfuehrung\/\" class=\"read-more  read-more--page-box\">MEHR ERFAHREN<\/a><\/p>\n\t\t\t\t\t<\/div>\n\t<\/div>\n\n<\/div><\/div><div id=\"pgc-19893-1-2\"  class=\"panel-grid-cell\" ><div id=\"panel-19893-1-2-0\" class=\"so-panel widget widget_pw_featured_page widget-featured-page panel-first-child panel-last-child\" data-index=\"5\" >\n\t<div class=\"page-box  page-box--block\">\n\t\t\t\t\t\t\t\t\t<a class=\"page-box__picture\" href=\"https:\/\/kschmied.ch\/container\/containerdienstleistungen\/csc-plakette\/\">\n\t\t\t\t\t<img loading=\"lazy\" decoding=\"async\" src=\"https:\/\/kschmied.ch\/wp-content\/uploads\/2019\/09\/CSC_inspection-360x240.jpg\" width=\"360\" height=\"240\" srcset=\"https:\/\/kschmied.ch\/wp-content\/uploads\/2019\/09\/CSC_inspection-360x240.jpg 360w, https:\/\/kschmied.ch\/wp-content\/uploads\/2019\/09\/CSC_inspection.jpg 600w\" sizes=\"auto, (min-width: 992px) 360px, calc(100vw - 30px)\" class=\"wp-post-image\" alt=\"CSC Plakette\">\n\t\t\t\t<\/a>\n\t\t\t\t\t\t\t<div class=\"page-box__content\">\n\t\t\t<h5 class=\"page-box__title text-uppercase\"><a href=\"https:\/\/kschmied.ch\/container\/containerdienstleistungen\/csc-plakette\/\">CSC Plakette<\/a><\/h5>\n\t\t\t<p>CSC Inspektionen und Verl\u00e4ngerungen (falls m\u00f6glich) im Containerterminal Basel von zugelassenen Pr\u00fcfstellen\/Pr\u00fcfern.<\/p>\n\t\t\t\t\t\t\t<p><a href=\"https:\/\/kschmied.ch\/container\/containerdienstleistungen\/csc-plakette\/\" class=\"read-more  read-more--page-box\">MEHR ERFAHREN<\/a><\/p>\n\t\t\t\t\t<\/div>\n\t<\/div>\n\n<\/div><\/div><\/div><\/div>","protected":false},"excerpt":{"rendered":"<p>All container services at a glance.<\/p>\n","protected":false},"author":1,"featured_media":0,"parent":39910,"menu_order":1,"comment_status":"closed","ping_status":"closed","template":"","meta":{"_acf_changed":false,"footnotes":""},"class_list":["post-19893","page","type-page","status-publish","hentry"],"acf":[],"yoast_head":"<!-- This site is optimized with the Yoast SEO Premium plugin v27.4 (Yoast SEO v27.4) - https:\/\/yoast.com\/product\/yoast-seo-premium-wordpress\/ -->\n<title>Container Services - K. Schmied AG \u2013 Containers &amp; Shipping Switzerland<\/title>\n<meta name=\"description\" content=\"Entdecken Sie hochwertige Seecontainer, Lagercontainer und Schnellbaucontainer zum Kauf oder zur Miete in der Schweiz. Erfahren Sie mehr \u00fcber die verf\u00fcgbaren Gr\u00f6\u00dfen, Ausf\u00fchrungen und Preise. Kontaktieren Sie uns f\u00fcr eine kostenlose Anfrage!\" \/>\n<meta name=\"robots\" content=\"index, follow, max-snippet:-1, max-image-preview:large, max-video-preview:-1\" \/>\n<link rel=\"canonical\" href=\"https:\/\/kschmied.ch\/en\/container\/services\/\" \/>\n<meta property=\"og:locale\" content=\"en_US\" \/>\n<meta property=\"og:type\" content=\"article\" \/>\n<meta property=\"og:title\" content=\"K. SCHMIED AG \u2013 Containerverkauf Schweiz\" \/>\n<meta property=\"og:description\" content=\"Ihr Partner f\u00fcr Seecontainer und Lagercontainer in der Schweiz \u2013 zum Kauf oder zur Miete, mit optionalem Kranablade-Service.\" \/>\n<meta property=\"og:url\" content=\"https:\/\/kschmied.ch\/en\/container\/services\/\" \/>\n<meta property=\"og:site_name\" content=\"K. Schmied AG \u2013 Containers &amp; Shipping Switzerland\" \/>\n<meta property=\"article:modified_time\" content=\"2025-12-22T13:26:57+00:00\" \/>\n<meta property=\"og:image\" content=\"https:\/\/kschmied.ch\/wp-content\/uploads\/2020\/07\/LOGO-gross.jpg\" \/>\n\t<meta property=\"og:image:width\" content=\"770\" \/>\n\t<meta property=\"og:image:height\" content=\"240\" \/>\n\t<meta property=\"og:image:type\" content=\"image\/jpeg\" \/>\n<meta name=\"twitter:card\" content=\"summary_large_image\" \/>\n<!-- \/ Yoast SEO Premium plugin. -->","yoast_head_json":{"title":"Container Services - K. Schmied AG \u2013 Containers &amp; Shipping Switzerland","description":"Entdecken Sie hochwertige Seecontainer, Lagercontainer und Schnellbaucontainer zum Kauf oder zur Miete in der Schweiz. Erfahren Sie mehr \u00fcber die verf\u00fcgbaren Gr\u00f6\u00dfen, Ausf\u00fchrungen und Preise. Kontaktieren Sie uns f\u00fcr eine kostenlose Anfrage!","robots":{"index":"index","follow":"follow","max-snippet":"max-snippet:-1","max-image-preview":"max-image-preview:large","max-video-preview":"max-video-preview:-1"},"canonical":"https:\/\/kschmied.ch\/en\/container\/services\/","og_locale":"en_US","og_type":"article","og_title":"K. SCHMIED AG \u2013 Containerverkauf Schweiz","og_description":"Ihr Partner f\u00fcr Seecontainer und Lagercontainer in der Schweiz \u2013 zum Kauf oder zur Miete, mit optionalem Kranablade-Service.","og_url":"https:\/\/kschmied.ch\/en\/container\/services\/","og_site_name":"K. Schmied AG \u2013 Containers &amp; Shipping Switzerland","article_modified_time":"2025-12-22T13:26:57+00:00","og_image":[{"width":770,"height":240,"url":"https:\/\/kschmied.ch\/wp-content\/uploads\/2020\/07\/LOGO-gross.jpg","type":"image\/jpeg"}],"twitter_card":"summary_large_image","schema":{"@context":"https:\/\/schema.org","@graph":[{"@type":"WebPage","@id":"https:\/\/kschmied.ch\/en\/container\/services\/","url":"https:\/\/kschmied.ch\/en\/container\/services\/","name":"Container Services - K. Schmied AG \u2013 Containers &amp; Shipping Switzerland","isPartOf":{"@id":"https:\/\/kschmied.ch\/en\/#website"},"datePublished":"2020-06-16T14:05:05+00:00","dateModified":"2025-12-22T13:26:57+00:00","description":"Entdecken Sie hochwertige Seecontainer, Lagercontainer und Schnellbaucontainer zum Kauf oder zur Miete in der Schweiz. Erfahren Sie mehr \u00fcber die verf\u00fcgbaren Gr\u00f6\u00dfen, Ausf\u00fchrungen und Preise. Kontaktieren Sie uns f\u00fcr eine kostenlose Anfrage!","breadcrumb":{"@id":"https:\/\/kschmied.ch\/en\/container\/services\/#breadcrumb"},"inLanguage":"en-US","potentialAction":[{"@type":"ReadAction","target":["https:\/\/kschmied.ch\/en\/container\/services\/"]}]},{"@type":"BreadcrumbList","@id":"https:\/\/kschmied.ch\/en\/container\/services\/#breadcrumb","itemListElement":[{"@type":"ListItem","position":1,"name":"Accueil","item":"https:\/\/kschmied.ch\/en\/"},{"@type":"ListItem","position":2,"name":"Container","item":"https:\/\/kschmied.ch\/en\/container\/"},{"@type":"ListItem","position":3,"name":"Container Services"}]},{"@type":"WebSite","@id":"https:\/\/kschmied.ch\/en\/#website","url":"https:\/\/kschmied.ch\/en\/","name":"K. SCHMIED AG","description":"Swiss container trading &amp; shipping since 1979","publisher":{"@id":"https:\/\/kschmied.ch\/en\/#organization"},"alternateName":"K. SCHMIED AG","potentialAction":[{"@type":"SearchAction","target":{"@type":"EntryPoint","urlTemplate":"https:\/\/kschmied.ch\/en\/?s={search_term_string}"},"query-input":{"@type":"PropertyValueSpecification","valueRequired":true,"valueName":"search_term_string"}}],"inLanguage":"en-US"},{"@type":"Organization","@id":"https:\/\/kschmied.ch\/en\/#organization","name":"K. SCHMIED AG","alternateName":"K. SCHMIED AG","url":"https:\/\/kschmied.ch\/en\/","logo":{"@type":"ImageObject","inLanguage":"en-US","@id":"https:\/\/kschmied.ch\/en\/#\/schema\/logo\/image\/","url":"https:\/\/kschmied.ch\/wp-content\/uploads\/2020\/07\/LOGO-gross.jpg","contentUrl":"https:\/\/kschmied.ch\/wp-content\/uploads\/2020\/07\/LOGO-gross.jpg","width":770,"height":240,"caption":"K. SCHMIED AG"},"image":{"@id":"https:\/\/kschmied.ch\/en\/#\/schema\/logo\/image\/"},"sameAs":["https:\/\/ch.linkedin.com\/company\/k-schmied-ag"],"description":"K. SCHMIED AG ist ein f\u00fchrendes Unternehmen im Bereich Containerverkauf und -vermietung in der Schweiz. Mit langj\u00e4hriger Erfahrung bieten wir unseren Kunden robuste, langlebige Seecontainer, Lagercontainer und Schnellbaucontainer in verschiedenen Gr\u00f6\u00dfen und Ausf\u00fchrungen. Unser Service umfasst auch Transportl\u00f6sungen, ma\u00dfgeschneiderte Containeranforderungen und weltweiten Versand. Qualit\u00e4t, Kundenzufriedenheit und Zuverl\u00e4ssigkeit stehen bei uns an erster Stelle.","email":"info@kschmied.ch","telephone":"041 811 30 03","legalName":"K. SCHMIED internat. Transporte & Handels AG","foundingDate":"1979-01-01","vatID":"CHE-107.962.018 MWST","taxID":"CHE-107.962.018 MWST","numberOfEmployees":{"@type":"QuantitativeValue","minValue":"1","maxValue":"10"}}]}},"_links":{"self":[{"href":"https:\/\/kschmied.ch\/en\/wp-json\/wp\/v2\/pages\/19893","targetHints":{"allow":["GET"]}}],"collection":[{"href":"https:\/\/kschmied.ch\/en\/wp-json\/wp\/v2\/pages"}],"about":[{"href":"https:\/\/kschmied.ch\/en\/wp-json\/wp\/v2\/types\/page"}],"author":[{"embeddable":true,"href":"https:\/\/kschmied.ch\/en\/wp-json\/wp\/v2\/users\/1"}],"replies":[{"embeddable":true,"href":"https:\/\/kschmied.ch\/en\/wp-json\/wp\/v2\/comments?post=19893"}],"version-history":[{"count":0,"href":"https:\/\/kschmied.ch\/en\/wp-json\/wp\/v2\/pages\/19893\/revisions"}],"up":[{"embeddable":true,"href":"https:\/\/kschmied.ch\/en\/wp-json\/wp\/v2\/pages\/39910"}],"wp:attachment":[{"href":"https:\/\/kschmied.ch\/en\/wp-json\/wp\/v2\/media?parent=19893"}],"curies":[{"name":"wp","href":"https:\/\/api.w.org\/{rel}","templated":true}]}}