{"id":19891,"date":"2020-06-16T15:14:33","date_gmt":"2020-06-16T13:14:33","guid":{"rendered":"https:\/\/www.kschmied.ch\/supply-chain-management-2\/warehouse-logistics\/"},"modified":"2020-07-21T17:51:01","modified_gmt":"2020-07-21T15:51:01","slug":"warehouse-logistics","status":"publish","type":"page","link":"https:\/\/kschmied.ch\/en\/supply-chain-management-2\/warehouse-logistics\/","title":{"rendered":"WAREHOUSE-LOGISTICS"},"content":{"rendered":"<div id=\"pl-19891\"  class=\"panel-layout\" ><div id=\"pg-19891-0\"  class=\"panel-grid panel-no-style\" ><div id=\"pgc-19891-0-0\"  class=\"panel-grid-cell\" ><div id=\"panel-19891-0-0-0\" class=\"so-panel widget widget_black-studio-tinymce widget_black_studio_tinymce panel-first-child panel-last-child\" data-index=\"0\" ><h3 class=\"widget-title\"><span class=\"widget-title__inline\">WAREHOUSE-LOGISTICS &#8211; ALL IN ONE<\/span><\/h3><div class=\"textwidget\"><p>Sometimes the goods have to be stored, repacked, picked, split or relabeled over a longer period of time. However, having your own warehouse does not always make sense for reasons of cost or location.<\/p>\n<p>Together with our partners in the Basel area and central Switzerland, we can offer you the following logistics services:<\/p>\n<\/div><\/div><\/div><div id=\"pgc-19891-0-1\"  class=\"panel-grid-cell\" ><div id=\"panel-19891-0-1-0\" class=\"so-panel widget widget_black-studio-tinymce widget_black_studio_tinymce panel-first-child panel-last-child\" data-index=\"1\" ><div class=\"textwidget\"><p>          <a href=\"https:\/\/www.kschmied.ch\/wp-content\/uploads\/2019\/09\/logistikleistungen_f-1.jpg\"><br \/>\n            <img loading=\"lazy\" decoding=\"async\" class=\"aligncenter size-full wp-image-4875\" src=\"https:\/\/www.kschmied.ch\/wp-content\/uploads\/2019\/09\/logistikleistungen_f-1.jpg\" alt=\"Logistics Services\" width=\"300\" height=\"200\" srcset=\"https:\/\/kschmied.ch\/wp-content\/uploads\/2019\/09\/logistikleistungen_f-1.jpg 300w, https:\/\/kschmied.ch\/wp-content\/uploads\/2019\/09\/logistikleistungen_f-1-272x182.jpg 272w\" sizes=\"auto, (max-width: 300px) 100vw, 300px\" \/><br \/>\n          <\/a><\/p>\n<\/div><\/div><\/div><\/div><div id=\"pg-19891-1\"  class=\"panel-grid panel-no-style\" ><div id=\"pgc-19891-1-0\"  class=\"panel-grid-cell\" ><div id=\"panel-19891-1-0-0\" class=\"so-panel widget widget_black-studio-tinymce widget_black_studio_tinymce panel-first-child panel-last-child\" data-index=\"2\" ><div class=\"textwidget\"><h4>WAREHOUSE SERVICES<\/h4>\n<p>- warehouse management<br \/>\n- Temperature-controlled storage<br \/>\n- high-bay warehouse, block storage<br \/>\n- picking<br \/>\n- assembly<br \/>\n- Dispatch \/ delivery<\/p>\n<\/div><\/div><\/div><div id=\"pgc-19891-1-1\"  class=\"panel-grid-cell\" ><div id=\"panel-19891-1-1-0\" class=\"so-panel widget widget_black-studio-tinymce widget_black_studio_tinymce panel-first-child panel-last-child\" data-index=\"3\" ><div class=\"textwidget\"><h4>PACKAGING SOLUTIONS<\/h4>\n<p>- neutralization<br \/>\n- labeling<br \/>\n- Repackaging<br \/>\n- export packaging (according to ISPM-15 standard)<\/p>\n<\/div><\/div><\/div><div id=\"pgc-19891-1-2\"  class=\"panel-grid-cell\" ><div id=\"panel-19891-1-2-0\" class=\"so-panel widget widget_black-studio-tinymce widget_black_studio_tinymce panel-first-child panel-last-child\" data-index=\"4\" ><div class=\"textwidget\"><h4>PURCHASING and DISTRIBUTION (shipping & distribution solutions)<\/h4>\n<p>- Worldwide transport & logistics solutions for shipping your goods \/ products<br \/>\n- Document creation (EUR1, B \/ L, T1 \/ 2, Carnet ATA, etc.)<br \/>\n- Parcel service<br \/>\n- General cargo<br \/>\n- Complete goods (FCL)<br \/>\n- Express<br \/>\n- Heavy & oversize transportation<br \/>\n- Crane service<br \/>\n- Special transports (e.g. by helicopter, ...)<\/p>\n<p>...on request, we can also import and purchase your products.<\/p>\n<\/div><\/div><\/div><\/div><\/div>","protected":false},"excerpt":{"rendered":"<p>Storage services, packaging solutions, shipping &amp; distribution solutions &#8211; all from a single source<\/p>\n","protected":false},"author":1,"featured_media":4876,"parent":19884,"menu_order":2,"comment_status":"closed","ping_status":"closed","template":"","meta":{"_acf_changed":false,"footnotes":""},"class_list":["post-19891","page","type-page","status-publish","has-post-thumbnail","hentry"],"acf":[],"yoast_head":"<!-- This site is optimized with the Yoast SEO Premium plugin v27.4 (Yoast SEO v27.4) - https:\/\/yoast.com\/product\/yoast-seo-premium-wordpress\/ -->\n<title>WAREHOUSE-LOGISTICS - K. Schmied AG \u2013 Containers &amp; Shipping Switzerland<\/title>\n<meta name=\"description\" content=\"Entdecken Sie hochwertige Seecontainer, Lagercontainer und Schnellbaucontainer zum Kauf oder zur Miete in der Schweiz. Erfahren Sie mehr \u00fcber die verf\u00fcgbaren Gr\u00f6\u00dfen, Ausf\u00fchrungen und Preise. Kontaktieren Sie uns f\u00fcr eine kostenlose Anfrage!\" \/>\n<meta name=\"robots\" content=\"index, follow, max-snippet:-1, max-image-preview:large, max-video-preview:-1\" \/>\n<link rel=\"canonical\" href=\"https:\/\/kschmied.ch\/en\/supply-chain-management-2\/warehouse-logistics\/\" \/>\n<meta property=\"og:locale\" content=\"en_US\" \/>\n<meta property=\"og:type\" content=\"article\" \/>\n<meta property=\"og:title\" content=\"K. SCHMIED AG \u2013 Containerverkauf Schweiz\" \/>\n<meta property=\"og:description\" content=\"Ihr Partner f\u00fcr Seecontainer und Lagercontainer in der Schweiz \u2013 zum Kauf oder zur Miete, mit optionalem Kranablade-Service.\" \/>\n<meta property=\"og:url\" content=\"https:\/\/kschmied.ch\/en\/supply-chain-management-2\/warehouse-logistics\/\" \/>\n<meta property=\"og:site_name\" content=\"K. Schmied AG \u2013 Containers &amp; Shipping Switzerland\" \/>\n<meta property=\"article:modified_time\" content=\"2020-07-21T15:51:01+00:00\" \/>\n<meta property=\"og:image\" content=\"https:\/\/kschmied.ch\/wp-content\/uploads\/2019\/09\/logistikleistungen_f-1.jpg\" \/>\n\t<meta property=\"og:image:width\" content=\"300\" \/>\n\t<meta property=\"og:image:height\" content=\"200\" \/>\n\t<meta property=\"og:image:type\" content=\"image\/jpeg\" \/>\n<meta name=\"twitter:card\" content=\"summary_large_image\" \/>\n<meta name=\"twitter:label1\" content=\"Est. reading time\" \/>\n\t<meta name=\"twitter:data1\" content=\"1 minute\" \/>\n<!-- \/ Yoast SEO Premium plugin. -->","yoast_head_json":{"title":"WAREHOUSE-LOGISTICS - K. Schmied AG \u2013 Containers &amp; Shipping Switzerland","description":"Entdecken Sie hochwertige Seecontainer, Lagercontainer und Schnellbaucontainer zum Kauf oder zur Miete in der Schweiz. Erfahren Sie mehr \u00fcber die verf\u00fcgbaren Gr\u00f6\u00dfen, Ausf\u00fchrungen und Preise. Kontaktieren Sie uns f\u00fcr eine kostenlose Anfrage!","robots":{"index":"index","follow":"follow","max-snippet":"max-snippet:-1","max-image-preview":"max-image-preview:large","max-video-preview":"max-video-preview:-1"},"canonical":"https:\/\/kschmied.ch\/en\/supply-chain-management-2\/warehouse-logistics\/","og_locale":"en_US","og_type":"article","og_title":"K. SCHMIED AG \u2013 Containerverkauf Schweiz","og_description":"Ihr Partner f\u00fcr Seecontainer und Lagercontainer in der Schweiz \u2013 zum Kauf oder zur Miete, mit optionalem Kranablade-Service.","og_url":"https:\/\/kschmied.ch\/en\/supply-chain-management-2\/warehouse-logistics\/","og_site_name":"K. Schmied AG \u2013 Containers &amp; Shipping Switzerland","article_modified_time":"2020-07-21T15:51:01+00:00","og_image":[{"width":300,"height":200,"url":"https:\/\/kschmied.ch\/wp-content\/uploads\/2019\/09\/logistikleistungen_f-1.jpg","type":"image\/jpeg"}],"twitter_card":"summary_large_image","twitter_misc":{"Est. reading time":"1 minute"},"schema":{"@context":"https:\/\/schema.org","@graph":[{"@type":"WebPage","@id":"https:\/\/kschmied.ch\/en\/supply-chain-management-2\/warehouse-logistics\/","url":"https:\/\/kschmied.ch\/en\/supply-chain-management-2\/warehouse-logistics\/","name":"WAREHOUSE-LOGISTICS - K. Schmied AG \u2013 Containers &amp; Shipping Switzerland","isPartOf":{"@id":"https:\/\/kschmied.ch\/en\/#website"},"primaryImageOfPage":{"@id":"https:\/\/kschmied.ch\/en\/supply-chain-management-2\/warehouse-logistics\/#primaryimage"},"image":{"@id":"https:\/\/kschmied.ch\/en\/supply-chain-management-2\/warehouse-logistics\/#primaryimage"},"thumbnailUrl":"https:\/\/kschmied.ch\/wp-content\/uploads\/2019\/09\/logistikleistungen_f-1.jpg","datePublished":"2020-06-16T13:14:33+00:00","dateModified":"2020-07-21T15:51:01+00:00","description":"Entdecken Sie hochwertige Seecontainer, Lagercontainer und Schnellbaucontainer zum Kauf oder zur Miete in der Schweiz. Erfahren Sie mehr \u00fcber die verf\u00fcgbaren Gr\u00f6\u00dfen, Ausf\u00fchrungen und Preise. Kontaktieren Sie uns f\u00fcr eine kostenlose Anfrage!","breadcrumb":{"@id":"https:\/\/kschmied.ch\/en\/supply-chain-management-2\/warehouse-logistics\/#breadcrumb"},"inLanguage":"en-US","potentialAction":[{"@type":"ReadAction","target":["https:\/\/kschmied.ch\/en\/supply-chain-management-2\/warehouse-logistics\/"]}]},{"@type":"ImageObject","inLanguage":"en-US","@id":"https:\/\/kschmied.ch\/en\/supply-chain-management-2\/warehouse-logistics\/#primaryimage","url":"https:\/\/kschmied.ch\/wp-content\/uploads\/2019\/09\/logistikleistungen_f-1.jpg","contentUrl":"https:\/\/kschmied.ch\/wp-content\/uploads\/2019\/09\/logistikleistungen_f-1.jpg","width":300,"height":200,"caption":"Logistikleistungen"},{"@type":"BreadcrumbList","@id":"https:\/\/kschmied.ch\/en\/supply-chain-management-2\/warehouse-logistics\/#breadcrumb","itemListElement":[{"@type":"ListItem","position":1,"name":"Accueil","item":"https:\/\/kschmied.ch\/en\/"},{"@type":"ListItem","position":2,"name":"SUPPLY CHAIN MANAGEMENT","item":"https:\/\/kschmied.ch\/en\/supply-chain-management-2\/"},{"@type":"ListItem","position":3,"name":"WAREHOUSE-LOGISTICS"}]},{"@type":"WebSite","@id":"https:\/\/kschmied.ch\/en\/#website","url":"https:\/\/kschmied.ch\/en\/","name":"K. SCHMIED AG","description":"Swiss container trading &amp; shipping since 1979","publisher":{"@id":"https:\/\/kschmied.ch\/en\/#organization"},"alternateName":"K. SCHMIED AG","potentialAction":[{"@type":"SearchAction","target":{"@type":"EntryPoint","urlTemplate":"https:\/\/kschmied.ch\/en\/?s={search_term_string}"},"query-input":{"@type":"PropertyValueSpecification","valueRequired":true,"valueName":"search_term_string"}}],"inLanguage":"en-US"},{"@type":"Organization","@id":"https:\/\/kschmied.ch\/en\/#organization","name":"K. SCHMIED AG","alternateName":"K. SCHMIED AG","url":"https:\/\/kschmied.ch\/en\/","logo":{"@type":"ImageObject","inLanguage":"en-US","@id":"https:\/\/kschmied.ch\/en\/#\/schema\/logo\/image\/","url":"https:\/\/kschmied.ch\/wp-content\/uploads\/2020\/07\/LOGO-gross.jpg","contentUrl":"https:\/\/kschmied.ch\/wp-content\/uploads\/2020\/07\/LOGO-gross.jpg","width":770,"height":240,"caption":"K. SCHMIED AG"},"image":{"@id":"https:\/\/kschmied.ch\/en\/#\/schema\/logo\/image\/"},"sameAs":["https:\/\/ch.linkedin.com\/company\/k-schmied-ag"],"description":"K. SCHMIED AG ist ein f\u00fchrendes Unternehmen im Bereich Containerverkauf und -vermietung in der Schweiz. Mit langj\u00e4hriger Erfahrung bieten wir unseren Kunden robuste, langlebige Seecontainer, Lagercontainer und Schnellbaucontainer in verschiedenen Gr\u00f6\u00dfen und Ausf\u00fchrungen. Unser Service umfasst auch Transportl\u00f6sungen, ma\u00dfgeschneiderte Containeranforderungen und weltweiten Versand. Qualit\u00e4t, Kundenzufriedenheit und Zuverl\u00e4ssigkeit stehen bei uns an erster Stelle.","email":"info@kschmied.ch","telephone":"041 811 30 03","legalName":"K. SCHMIED internat. Transporte & Handels AG","foundingDate":"1979-01-01","vatID":"CHE-107.962.018 MWST","taxID":"CHE-107.962.018 MWST","numberOfEmployees":{"@type":"QuantitativeValue","minValue":"1","maxValue":"10"}}]}},"_links":{"self":[{"href":"https:\/\/kschmied.ch\/en\/wp-json\/wp\/v2\/pages\/19891","targetHints":{"allow":["GET"]}}],"collection":[{"href":"https:\/\/kschmied.ch\/en\/wp-json\/wp\/v2\/pages"}],"about":[{"href":"https:\/\/kschmied.ch\/en\/wp-json\/wp\/v2\/types\/page"}],"author":[{"embeddable":true,"href":"https:\/\/kschmied.ch\/en\/wp-json\/wp\/v2\/users\/1"}],"replies":[{"embeddable":true,"href":"https:\/\/kschmied.ch\/en\/wp-json\/wp\/v2\/comments?post=19891"}],"version-history":[{"count":0,"href":"https:\/\/kschmied.ch\/en\/wp-json\/wp\/v2\/pages\/19891\/revisions"}],"up":[{"embeddable":true,"href":"https:\/\/kschmied.ch\/en\/wp-json\/wp\/v2\/pages\/19884"}],"wp:featuredmedia":[{"embeddable":true,"href":"https:\/\/kschmied.ch\/en\/wp-json\/wp\/v2\/media\/4876"}],"wp:attachment":[{"href":"https:\/\/kschmied.ch\/en\/wp-json\/wp\/v2\/media?parent=19891"}],"curies":[{"name":"wp","href":"https:\/\/api.w.org\/{rel}","templated":true}]}}