{"id":19884,"date":"2020-06-16T14:26:34","date_gmt":"2020-06-16T12:26:34","guid":{"rendered":"https:\/\/www.kschmied.ch\/supply-chain-management-2\/"},"modified":"2021-08-17T10:27:30","modified_gmt":"2021-08-17T08:27:30","slug":"supply-chain-management-2","status":"publish","type":"page","link":"https:\/\/kschmied.ch\/en\/supply-chain-management-2\/","title":{"rendered":"SUPPLY CHAIN MANAGEMENT"},"content":{"rendered":"<div id=\"pl-19884\"  class=\"panel-layout\" ><div id=\"pg-19884-0\"  class=\"panel-grid panel-no-style\" ><div id=\"pgc-19884-0-0\"  class=\"panel-grid-cell\" ><div id=\"panel-19884-0-0-0\" class=\"so-panel widget widget_black-studio-tinymce widget_black_studio_tinymce panel-first-child panel-last-child\" data-index=\"0\" ><h3 class=\"widget-title\"><span class=\"widget-title__inline\">SUPPLY CHAIN MANAGEMENT for SME&#8217;s<\/span><\/h3><div class=\"textwidget\"><p>Do you want to outsource your <strong>supply chain\/logistics activities or parts of it?<\/strong> Then you are right with us.<\/p>\n<div id=\"tw-target-text-container\" class=\"tw-ta-container tw-nfl\">\n<p>So that you can fully concentrate on your core competencies and optimize them, we are happy to take on your logistics tasks.<\/p>\n<p>Outsourcing supply chain activities allows you to reduce logistics costs, have more time for your core competencies, and meet your customer needs more effectively. Our goal as your logistics provider is to improve your delivery performance, reduce logistics costs and thus improve your productivity.<\/p>\n<p>Our network of various logistics partners in Switzerland and many parts of the world enables us to offer almost all the necessary services along the entire supply chain. Our service includes:<\/p><\/div>\n<\/div><\/div><\/div><div id=\"pgc-19884-0-1\"  class=\"panel-grid-cell\" ><div id=\"panel-19884-0-1-0\" class=\"so-panel widget widget_media_image panel-first-child panel-last-child\" data-index=\"1\" ><img loading=\"lazy\" decoding=\"async\" width=\"200\" height=\"203\" src=\"https:\/\/kschmied.ch\/wp-content\/uploads\/2016\/03\/Kreis-Handschlag-Kopie-296x300.jpg\" class=\"image wp-image-685  attachment-200x203 size-200x203\" alt=\"\" style=\"max-width: 100%; height: auto;\" srcset=\"https:\/\/kschmied.ch\/wp-content\/uploads\/2016\/03\/Kreis-Handschlag-Kopie-296x300.jpg 296w, https:\/\/kschmied.ch\/wp-content\/uploads\/2016\/03\/Kreis-Handschlag-Kopie-1010x1024.jpg 1010w, https:\/\/kschmied.ch\/wp-content\/uploads\/2016\/03\/Kreis-Handschlag-Kopie-768x778.jpg 768w, https:\/\/kschmied.ch\/wp-content\/uploads\/2016\/03\/Kreis-Handschlag-Kopie-1515x1536.jpg 1515w, https:\/\/kschmied.ch\/wp-content\/uploads\/2016\/03\/Kreis-Handschlag-Kopie-500x507.jpg 500w, https:\/\/kschmied.ch\/wp-content\/uploads\/2016\/03\/Kreis-Handschlag-Kopie.jpg 1764w\" sizes=\"auto, (max-width: 200px) 100vw, 200px\" \/><\/div><\/div><\/div><div id=\"pg-19884-1\"  class=\"panel-grid panel-no-style\" ><div id=\"pgc-19884-1-0\"  class=\"panel-grid-cell panel-grid-cell-empty\" ><\/div><div id=\"pgc-19884-1-1\"  class=\"panel-grid-cell panel-grid-cell-mobile-last\" ><div id=\"panel-19884-1-1-0\" class=\"so-panel widget widget_black-studio-tinymce widget_black_studio_tinymce panel-first-child panel-last-child\" data-index=\"2\" ><div class=\"textwidget\"><p style=\"text-align: left;\">- Warehouse logistics<br \/>\n- Purchasing and distribution<br \/>\n- Import and Export<br \/>\n- Air, sea and land transport<br \/>\n- Customs clearance, export and import declarations, offsetting, invoicing etc.<br \/>\n- Packaging of normal and oversize goods<\/p>\n<\/div><\/div><\/div><div id=\"pgc-19884-1-2\"  class=\"panel-grid-cell panel-grid-cell-empty\" ><\/div><\/div><div id=\"pg-19884-2\"  class=\"panel-grid panel-no-style\" ><div id=\"pgc-19884-2-0\"  class=\"panel-grid-cell panel-grid-cell-mobile-last\" ><div id=\"panel-19884-2-0-0\" class=\"so-panel widget widget_black-studio-tinymce widget_black_studio_tinymce panel-first-child panel-last-child\" data-index=\"3\" ><div class=\"textwidget\"><p>Our goal is achieved when we continuously reduce your logistics costs and can still always meet your requirements<\/p>\n<p>We are looking forward to hear from you.<\/p>\n<\/div><\/div><\/div><div id=\"pgc-19884-2-1\"  class=\"panel-grid-cell panel-grid-cell-empty\" ><\/div><\/div><div id=\"pg-19884-3\"  class=\"panel-grid panel-no-style\" ><div id=\"pgc-19884-3-0\"  class=\"panel-grid-cell\" ><div id=\"panel-19884-3-0-0\" class=\"so-panel widget widget_black-studio-tinymce widget_black_studio_tinymce panel-first-child panel-last-child\" data-index=\"4\" ><div class=\"widget-title--big panel-widget-style panel-widget-style-for-19884-3-0-0\" ><h3 class=\"widget-title\"><span class=\"widget-title__inline\">SERVICES<\/span><\/h3><div class=\"textwidget\"><\/div><\/div><\/div><\/div><\/div><div id=\"pg-19884-4\"  class=\"panel-grid panel-no-style\" ><div id=\"pgc-19884-4-0\"  class=\"panel-grid-cell\" ><div id=\"panel-19884-4-0-0\" class=\"so-panel widget widget_pw_featured_page widget-featured-page panel-first-child panel-last-child\" data-index=\"5\" >\n\t<div class=\"page-box  page-box--block\">\n\t\t\t\t\t\t\t\t\t<a class=\"page-box__picture\" href=\"https:\/\/kschmied.ch\/supply-chain-management\/lagerlogistik\/\">\n\t\t\t\t\t<img loading=\"lazy\" decoding=\"async\" src=\"https:\/\/kschmied.ch\/wp-content\/uploads\/2019\/09\/logistikleistungen_f-1.jpg\" width=\"300\" height=\"200\" srcset=\"https:\/\/kschmied.ch\/wp-content\/uploads\/2019\/09\/logistikleistungen_f-1.jpg 300w, https:\/\/kschmied.ch\/wp-content\/uploads\/2019\/09\/logistikleistungen_f-1.jpg 300w\" sizes=\"auto, (min-width: 992px) 360px, calc(100vw - 30px)\" class=\"wp-post-image\" alt=\"LAGERLOGISTIK\">\n\t\t\t\t<\/a>\n\t\t\t\t\t\t\t<div class=\"page-box__content\">\n\t\t\t<h5 class=\"page-box__title text-uppercase\"><a href=\"https:\/\/kschmied.ch\/supply-chain-management\/lagerlogistik\/\">LAGERLOGISTIK<\/a><\/h5>\n\t\t\t<p>Lagerdienstleistungen, Verpackungsl\u00f6sungen, Versand- & Verteill\u00f6sungen - alles aus einer Hand.<\/p>\n\t\t\t\t\t\t\t<p><a href=\"https:\/\/kschmied.ch\/supply-chain-management\/lagerlogistik\/\" class=\"read-more  read-more--page-box\">LEARN MORE<\/a><\/p>\n\t\t\t\t\t<\/div>\n\t<\/div>\n\n<\/div><\/div><div id=\"pgc-19884-4-1\"  class=\"panel-grid-cell\" ><div id=\"panel-19884-4-1-0\" class=\"so-panel widget widget_pw_featured_page widget-featured-page panel-first-child panel-last-child\" data-index=\"6\" >\n\t<div class=\"page-box  page-box--block\">\n\t\t\t\t\t\t\t\t\t<a class=\"page-box__picture\" href=\"https:\/\/kschmied.ch\/supply-chain-management\/transport-versicherung\/\">\n\t\t\t\t\t<img loading=\"lazy\" decoding=\"async\" src=\"https:\/\/kschmied.ch\/wp-content\/uploads\/2019\/09\/transportversicherung_f.jpg\" width=\"300\" height=\"200\" srcset=\"https:\/\/kschmied.ch\/wp-content\/uploads\/2019\/09\/transportversicherung_f.jpg 300w, https:\/\/kschmied.ch\/wp-content\/uploads\/2019\/09\/transportversicherung_f.jpg 300w\" sizes=\"auto, (min-width: 992px) 360px, calc(100vw - 30px)\" class=\"wp-post-image\" alt=\"TRANSPORT-VERSICHERUNG\">\n\t\t\t\t<\/a>\n\t\t\t\t\t\t\t<div class=\"page-box__content\">\n\t\t\t<h5 class=\"page-box__title text-uppercase\"><a href=\"https:\/\/kschmied.ch\/supply-chain-management\/transport-versicherung\/\">TRANSPORT-VERSICHERUNG<\/a><\/h5>\n\t\t\t<p>Transportversicherung f\u00fcr den Schutz Ihrer wertvollen G\u00fcter. Je nach Anforderunb bieten wir eine All Risk oder eingeschr\u00e4nkte Deckung an.<\/p>\n\t\t\t\t\t\t\t<p><a href=\"https:\/\/kschmied.ch\/supply-chain-management\/transport-versicherung\/\" class=\"read-more  read-more--page-box\">LEARN MORE<\/a><\/p>\n\t\t\t\t\t<\/div>\n\t<\/div>\n\n<\/div><\/div><div id=\"pgc-19884-4-2\"  class=\"panel-grid-cell\" ><div id=\"panel-19884-4-2-0\" class=\"so-panel widget widget_pw_featured_page widget-featured-page panel-first-child panel-last-child\" data-index=\"7\" >\n\t<div class=\"page-box  page-box--block\">\n\t\t\t\t\t\t\t\t\t<a class=\"page-box__picture\" href=\"https:\/\/kschmied.ch\/supply-chain-management\/verpackungen\/\">\n\t\t\t\t\t<img loading=\"lazy\" decoding=\"async\" src=\"https:\/\/kschmied.ch\/wp-content\/uploads\/2019\/11\/verpackungen.jpg\" width=\"300\" height=\"200\" srcset=\"https:\/\/kschmied.ch\/wp-content\/uploads\/2019\/11\/verpackungen.jpg 300w, https:\/\/kschmied.ch\/wp-content\/uploads\/2019\/11\/verpackungen.jpg 300w\" sizes=\"auto, (min-width: 992px) 360px, calc(100vw - 30px)\" class=\"wp-post-image\" alt=\"Verpackungen\">\n\t\t\t\t<\/a>\n\t\t\t\t\t\t\t<div class=\"page-box__content\">\n\t\t\t<h5 class=\"page-box__title text-uppercase\"><a href=\"https:\/\/kschmied.ch\/supply-chain-management\/verpackungen\/\">Verpackungen<\/a><\/h5>\n\t\t\t<p>Mehrweg- oder Einwegverpackungen nach Mass f\u00fcr Ihre Transportg\u00fcter, sowie auch Etikettierungen.<\/p>\n\t\t\t\t\t\t\t<p><a href=\"https:\/\/kschmied.ch\/supply-chain-management\/verpackungen\/\" class=\"read-more  read-more--page-box\">LEARN MORE<\/a><\/p>\n\t\t\t\t\t<\/div>\n\t<\/div>\n\n<\/div><\/div><\/div><div id=\"pg-19884-5\"  class=\"panel-grid panel-no-style\" ><div id=\"pgc-19884-5-0\"  class=\"panel-grid-cell\" ><div id=\"panel-19884-5-0-0\" class=\"so-panel widget widget_pw_featured_page widget-featured-page panel-first-child panel-last-child\" data-index=\"8\" >\n\t<div class=\"page-box  page-box--block\">\n\t\t\t\t\t\t\t\t\t<a class=\"page-box__picture\" href=\"https:\/\/kschmied.ch\/transporte\/\">\n\t\t\t\t\t<img loading=\"lazy\" decoding=\"async\" src=\"https:\/\/kschmied.ch\/wp-content\/uploads\/2019\/11\/Logistics_f.jpg\" width=\"300\" height=\"200\" srcset=\"https:\/\/kschmied.ch\/wp-content\/uploads\/2019\/11\/Logistics_f.jpg 300w, https:\/\/kschmied.ch\/wp-content\/uploads\/2019\/11\/Logistics_f.jpg 300w\" sizes=\"auto, (min-width: 992px) 360px, calc(100vw - 30px)\" class=\"wp-post-image\" alt=\"Transporte\">\n\t\t\t\t<\/a>\n\t\t\t\t\t\t\t<div class=\"page-box__content\">\n\t\t\t<h5 class=\"page-box__title text-uppercase\"><a href=\"https:\/\/kschmied.ch\/transporte\/\">Transporte<\/a><\/h5>\n\t\t\t<p>Internationale See-, Luft- und Landtransporte f\u00fcr Firmenkunden.\r\nVon St\u00fcckgut bis Komplettladung \u2013 zuverl\u00e4ssig organisiert \u00fcber unser weltweites Partnernetzwerk.<\/p>\n\t\t\t\t\t\t\t<p><a href=\"https:\/\/kschmied.ch\/transporte\/\" class=\"read-more  read-more--page-box\">LEARN MORE<\/a><\/p>\n\t\t\t\t\t<\/div>\n\t<\/div>\n\n<\/div><\/div><div id=\"pgc-19884-5-1\"  class=\"panel-grid-cell panel-grid-cell-mobile-last\" ><div id=\"panel-19884-5-1-0\" class=\"so-panel widget widget_pw_featured_page widget-featured-page panel-first-child panel-last-child\" data-index=\"9\" >\n\t<div class=\"page-box  page-box--block\">\n\t\t\t\t\t\t\t\t\t<a class=\"page-box__picture\" href=\"https:\/\/kschmied.ch\/supply-chain-management\/verzollung\/\">\n\t\t\t\t\t<img loading=\"lazy\" decoding=\"async\" src=\"https:\/\/kschmied.ch\/wp-content\/uploads\/2019\/09\/Zolldienstleistungen_f.jpg\" width=\"300\" height=\"200\" srcset=\"https:\/\/kschmied.ch\/wp-content\/uploads\/2019\/09\/Zolldienstleistungen_f.jpg 300w, https:\/\/kschmied.ch\/wp-content\/uploads\/2019\/09\/Zolldienstleistungen_f.jpg 300w\" sizes=\"auto, (min-width: 992px) 360px, calc(100vw - 30px)\" class=\"wp-post-image\" alt=\"ZOLLDIENSTLEISTUNGEN\">\n\t\t\t\t<\/a>\n\t\t\t\t\t\t\t<div class=\"page-box__content\">\n\t\t\t<h5 class=\"page-box__title text-uppercase\"><a href=\"https:\/\/kschmied.ch\/supply-chain-management\/verzollung\/\">ZOLLDIENSTLEISTUNGEN<\/a><\/h5>\n\t\t\t<p>Professionelle Zollabwicklungen f\u00fcr die unterschiedlichsten Anforderungen.<\/p>\n\t\t\t\t\t\t\t<p><a href=\"https:\/\/kschmied.ch\/supply-chain-management\/verzollung\/\" class=\"read-more  read-more--page-box\">LEARN MORE<\/a><\/p>\n\t\t\t\t\t<\/div>\n\t<\/div>\n\n<\/div><\/div><div id=\"pgc-19884-5-2\"  class=\"panel-grid-cell panel-grid-cell-empty\" ><\/div><\/div><\/div>","protected":false},"excerpt":{"rendered":"<p>All logistics services at a glance.<\/p>\n","protected":false},"author":1,"featured_media":9561,"parent":0,"menu_order":2,"comment_status":"closed","ping_status":"closed","template":"","meta":{"_acf_changed":false,"footnotes":""},"class_list":["post-19884","page","type-page","status-publish","has-post-thumbnail","hentry"],"acf":[],"yoast_head":"<!-- This site is optimized with the Yoast SEO Premium plugin v27.4 (Yoast SEO v27.4) - https:\/\/yoast.com\/product\/yoast-seo-premium-wordpress\/ -->\n<title>SUPPLY CHAIN MANAGEMENT for SMEs<\/title>\n<meta name=\"description\" content=\"Entdecken Sie hochwertige Seecontainer, Lagercontainer und Schnellbaucontainer zum Kauf oder zur Miete in der Schweiz. Erfahren Sie mehr \u00fcber die verf\u00fcgbaren Gr\u00f6\u00dfen, Ausf\u00fchrungen und Preise. Kontaktieren Sie uns f\u00fcr eine kostenlose Anfrage!\" \/>\n<meta name=\"robots\" content=\"index, follow, max-snippet:-1, max-image-preview:large, max-video-preview:-1\" \/>\n<link rel=\"canonical\" href=\"https:\/\/kschmied.ch\/en\/supply-chain-management-2\/\" \/>\n<meta property=\"og:locale\" content=\"en_US\" \/>\n<meta property=\"og:type\" content=\"article\" \/>\n<meta property=\"og:title\" content=\"K. SCHMIED AG \u2013 Containerverkauf Schweiz\" \/>\n<meta property=\"og:description\" content=\"Ihr Partner f\u00fcr Seecontainer und Lagercontainer in der Schweiz \u2013 zum Kauf oder zur Miete, mit optionalem Kranablade-Service.\" \/>\n<meta property=\"og:url\" content=\"https:\/\/kschmied.ch\/en\/supply-chain-management-2\/\" \/>\n<meta property=\"og:site_name\" content=\"K. Schmied AG \u2013 Containers &amp; Shipping Switzerland\" \/>\n<meta property=\"article:modified_time\" content=\"2021-08-17T08:27:30+00:00\" \/>\n<meta property=\"og:image\" content=\"https:\/\/kschmied.ch\/wp-content\/uploads\/2019\/12\/supply_chain_management.jpg\" \/>\n\t<meta property=\"og:image:width\" content=\"250\" \/>\n\t<meta property=\"og:image:height\" content=\"267\" \/>\n\t<meta property=\"og:image:type\" content=\"image\/jpeg\" \/>\n<meta name=\"twitter:card\" content=\"summary_large_image\" \/>\n<meta name=\"twitter:label1\" content=\"Est. reading time\" \/>\n\t<meta name=\"twitter:data1\" content=\"1 minute\" \/>\n<!-- \/ Yoast SEO Premium plugin. -->","yoast_head_json":{"title":"SUPPLY CHAIN MANAGEMENT for SMEs","description":"Entdecken Sie hochwertige Seecontainer, Lagercontainer und Schnellbaucontainer zum Kauf oder zur Miete in der Schweiz. Erfahren Sie mehr \u00fcber die verf\u00fcgbaren Gr\u00f6\u00dfen, Ausf\u00fchrungen und Preise. Kontaktieren Sie uns f\u00fcr eine kostenlose Anfrage!","robots":{"index":"index","follow":"follow","max-snippet":"max-snippet:-1","max-image-preview":"max-image-preview:large","max-video-preview":"max-video-preview:-1"},"canonical":"https:\/\/kschmied.ch\/en\/supply-chain-management-2\/","og_locale":"en_US","og_type":"article","og_title":"K. SCHMIED AG \u2013 Containerverkauf Schweiz","og_description":"Ihr Partner f\u00fcr Seecontainer und Lagercontainer in der Schweiz \u2013 zum Kauf oder zur Miete, mit optionalem Kranablade-Service.","og_url":"https:\/\/kschmied.ch\/en\/supply-chain-management-2\/","og_site_name":"K. Schmied AG \u2013 Containers &amp; Shipping Switzerland","article_modified_time":"2021-08-17T08:27:30+00:00","og_image":[{"width":250,"height":267,"url":"https:\/\/kschmied.ch\/wp-content\/uploads\/2019\/12\/supply_chain_management.jpg","type":"image\/jpeg"}],"twitter_card":"summary_large_image","twitter_misc":{"Est. reading time":"1 minute"},"schema":{"@context":"https:\/\/schema.org","@graph":[{"@type":"WebPage","@id":"https:\/\/kschmied.ch\/en\/supply-chain-management-2\/","url":"https:\/\/kschmied.ch\/en\/supply-chain-management-2\/","name":"SUPPLY CHAIN MANAGEMENT for SMEs","isPartOf":{"@id":"https:\/\/kschmied.ch\/en\/#website"},"primaryImageOfPage":{"@id":"https:\/\/kschmied.ch\/en\/supply-chain-management-2\/#primaryimage"},"image":{"@id":"https:\/\/kschmied.ch\/en\/supply-chain-management-2\/#primaryimage"},"thumbnailUrl":"https:\/\/kschmied.ch\/wp-content\/uploads\/2019\/12\/supply_chain_management.jpg","datePublished":"2020-06-16T12:26:34+00:00","dateModified":"2021-08-17T08:27:30+00:00","description":"Entdecken Sie hochwertige Seecontainer, Lagercontainer und Schnellbaucontainer zum Kauf oder zur Miete in der Schweiz. Erfahren Sie mehr \u00fcber die verf\u00fcgbaren Gr\u00f6\u00dfen, Ausf\u00fchrungen und Preise. Kontaktieren Sie uns f\u00fcr eine kostenlose Anfrage!","breadcrumb":{"@id":"https:\/\/kschmied.ch\/en\/supply-chain-management-2\/#breadcrumb"},"inLanguage":"en-US","potentialAction":[{"@type":"ReadAction","target":["https:\/\/kschmied.ch\/en\/supply-chain-management-2\/"]}]},{"@type":"ImageObject","inLanguage":"en-US","@id":"https:\/\/kschmied.ch\/en\/supply-chain-management-2\/#primaryimage","url":"https:\/\/kschmied.ch\/wp-content\/uploads\/2019\/12\/supply_chain_management.jpg","contentUrl":"https:\/\/kschmied.ch\/wp-content\/uploads\/2019\/12\/supply_chain_management.jpg","width":250,"height":267,"caption":"Supply Chain Management f\u00fcr KMU"},{"@type":"BreadcrumbList","@id":"https:\/\/kschmied.ch\/en\/supply-chain-management-2\/#breadcrumb","itemListElement":[{"@type":"ListItem","position":1,"name":"Accueil","item":"https:\/\/kschmied.ch\/en\/"},{"@type":"ListItem","position":2,"name":"SUPPLY CHAIN MANAGEMENT"}]},{"@type":"WebSite","@id":"https:\/\/kschmied.ch\/en\/#website","url":"https:\/\/kschmied.ch\/en\/","name":"K. SCHMIED AG","description":"Swiss container trading &amp; shipping since 1979","publisher":{"@id":"https:\/\/kschmied.ch\/en\/#organization"},"alternateName":"K. SCHMIED AG","potentialAction":[{"@type":"SearchAction","target":{"@type":"EntryPoint","urlTemplate":"https:\/\/kschmied.ch\/en\/?s={search_term_string}"},"query-input":{"@type":"PropertyValueSpecification","valueRequired":true,"valueName":"search_term_string"}}],"inLanguage":"en-US"},{"@type":"Organization","@id":"https:\/\/kschmied.ch\/en\/#organization","name":"K. SCHMIED AG","alternateName":"K. SCHMIED AG","url":"https:\/\/kschmied.ch\/en\/","logo":{"@type":"ImageObject","inLanguage":"en-US","@id":"https:\/\/kschmied.ch\/en\/#\/schema\/logo\/image\/","url":"https:\/\/kschmied.ch\/wp-content\/uploads\/2020\/07\/LOGO-gross.jpg","contentUrl":"https:\/\/kschmied.ch\/wp-content\/uploads\/2020\/07\/LOGO-gross.jpg","width":770,"height":240,"caption":"K. SCHMIED AG"},"image":{"@id":"https:\/\/kschmied.ch\/en\/#\/schema\/logo\/image\/"},"sameAs":["https:\/\/ch.linkedin.com\/company\/k-schmied-ag"],"description":"K. SCHMIED AG ist ein f\u00fchrendes Unternehmen im Bereich Containerverkauf und -vermietung in der Schweiz. Mit langj\u00e4hriger Erfahrung bieten wir unseren Kunden robuste, langlebige Seecontainer, Lagercontainer und Schnellbaucontainer in verschiedenen Gr\u00f6\u00dfen und Ausf\u00fchrungen. Unser Service umfasst auch Transportl\u00f6sungen, ma\u00dfgeschneiderte Containeranforderungen und weltweiten Versand. Qualit\u00e4t, Kundenzufriedenheit und Zuverl\u00e4ssigkeit stehen bei uns an erster Stelle.","email":"info@kschmied.ch","telephone":"041 811 30 03","legalName":"K. SCHMIED internat. Transporte & Handels AG","foundingDate":"1979-01-01","vatID":"CHE-107.962.018 MWST","taxID":"CHE-107.962.018 MWST","numberOfEmployees":{"@type":"QuantitativeValue","minValue":"1","maxValue":"10"}}]}},"_links":{"self":[{"href":"https:\/\/kschmied.ch\/en\/wp-json\/wp\/v2\/pages\/19884","targetHints":{"allow":["GET"]}}],"collection":[{"href":"https:\/\/kschmied.ch\/en\/wp-json\/wp\/v2\/pages"}],"about":[{"href":"https:\/\/kschmied.ch\/en\/wp-json\/wp\/v2\/types\/page"}],"author":[{"embeddable":true,"href":"https:\/\/kschmied.ch\/en\/wp-json\/wp\/v2\/users\/1"}],"replies":[{"embeddable":true,"href":"https:\/\/kschmied.ch\/en\/wp-json\/wp\/v2\/comments?post=19884"}],"version-history":[{"count":0,"href":"https:\/\/kschmied.ch\/en\/wp-json\/wp\/v2\/pages\/19884\/revisions"}],"wp:featuredmedia":[{"embeddable":true,"href":"https:\/\/kschmied.ch\/en\/wp-json\/wp\/v2\/media\/9561"}],"wp:attachment":[{"href":"https:\/\/kschmied.ch\/en\/wp-json\/wp\/v2\/media?parent=19884"}],"curies":[{"name":"wp","href":"https:\/\/api.w.org\/{rel}","templated":true}]}}