{"id":19710,"date":"2020-06-05T14:52:46","date_gmt":"2020-06-05T12:52:46","guid":{"rendered":"https:\/\/www.kschmied.ch\/packaging\/"},"modified":"2025-08-04T09:37:51","modified_gmt":"2025-08-04T07:37:51","slug":"packaging","status":"publish","type":"page","link":"https:\/\/kschmied.ch\/en\/supply-chain-management-2\/packaging\/","title":{"rendered":"Packaging"},"content":{"rendered":"<div id=\"pl-19710\"  class=\"panel-layout\" ><div id=\"pg-19710-0\"  class=\"panel-grid panel-no-style\" ><div id=\"pgc-19710-0-0\"  class=\"panel-grid-cell\" ><div id=\"panel-19710-0-0-0\" class=\"so-panel widget widget_black-studio-tinymce widget_black_studio_tinymce panel-first-child panel-last-child widgetopts-SO\" data-index=\"0\" ><h3 class=\"widget-title\"><span class=\"widget-title__inline\">VERPACKUNGEN &#8211; EXPORTKISTEN NACH MASS<\/span><\/h3><div class=\"textwidget\"><p>Damit auch empfindliche G\u00fcter den Transport unbeschadet \u00fcberstehen, bieten wir einen Verpackungsservice nach Mass an.<\/p>\n<p>Ihre G\u00fcter werden dabei mit einer <a href=\"https:\/\/www.bafu.admin.ch\/bafu\/de\/home\/themen\/wald\/holzverpackungen-nach-ispm-15---standard\/faq-ispm15-export.html\" target=\"_blank\" rel=\"noopener\">ISPM-15<\/a> Holzverpackung oder einer stabilen Verpackung aus Wellkarton versehen. Je nach Transportart, Reiseziel Gewicht und Masse der G\u00fcter werden unterschiedliche Verpackungen verwendet.<\/p>\n<p>Damit diese auch den verschiedenen klimatischen Bedingungen standh\u00e4lt, lassen sich auch korrosionsgef\u00e4hrdete G\u00fcter mit einem entsprechenden Korrosionsschutz (Folie) versehen.<\/p>\n<p>Unser Angebot umfasst neben Einwegverpackungen auch Mehrweg- und Messeverpackungen.<\/p>\n<\/div><\/div><\/div><div id=\"pgc-19710-0-1\"  class=\"panel-grid-cell\" ><div id=\"panel-19710-0-1-0\" class=\"so-panel widget widget_media_gallery panel-first-child panel-last-child\" data-index=\"1\" ><div id='gallery-1' class='gallery galleryid-19710 gallery-columns-3 gallery-size-thumbnail'><figure class='gallery-item'>\n\t\t\t<div class='gallery-icon landscape'>\n\t\t\t\t<a href='https:\/\/kschmied.ch\/en\/supply-chain-management-2\/packaging\/kiste_seitlich-2-2\/'><img loading=\"lazy\" decoding=\"async\" width=\"150\" height=\"150\" src=\"https:\/\/kschmied.ch\/wp-content\/uploads\/2019\/09\/Kiste_seitlich-150x150.jpg\" class=\"attachment-thumbnail size-thumbnail\" alt=\"Exportverpackung\" aria-describedby=\"gallery-1-4639\" srcset=\"https:\/\/kschmied.ch\/wp-content\/uploads\/2019\/09\/Kiste_seitlich-150x150.jpg 150w, https:\/\/kschmied.ch\/wp-content\/uploads\/2019\/09\/Kiste_seitlich-100x100.jpg 100w, https:\/\/kschmied.ch\/wp-content\/uploads\/2019\/09\/Kiste_seitlich-200x200.jpg 200w\" sizes=\"auto, (max-width: 150px) 100vw, 150px\" \/><\/a>\n\t\t\t<\/div>\n\t\t\t\t<figcaption class='wp-caption-text gallery-caption' id='gallery-1-4639'>\n\t\t\t\tExportverpackung\n\t\t\t\t<\/figcaption><\/figure><figure class='gallery-item'>\n\t\t\t<div class='gallery-icon landscape'>\n\t\t\t\t<a href='https:\/\/kschmied.ch\/en\/supply-chain-management-2\/packaging\/kiste-2-2\/'><img loading=\"lazy\" decoding=\"async\" width=\"150\" height=\"150\" src=\"https:\/\/kschmied.ch\/wp-content\/uploads\/2019\/09\/Kiste-150x150.jpg\" class=\"attachment-thumbnail size-thumbnail\" alt=\"Holzkiste f\u00fcr Export\" aria-describedby=\"gallery-1-4641\" srcset=\"https:\/\/kschmied.ch\/wp-content\/uploads\/2019\/09\/Kiste-150x150.jpg 150w, https:\/\/kschmied.ch\/wp-content\/uploads\/2019\/09\/Kiste-100x100.jpg 100w, https:\/\/kschmied.ch\/wp-content\/uploads\/2019\/09\/Kiste-200x200.jpg 200w\" sizes=\"auto, (max-width: 150px) 100vw, 150px\" \/><\/a>\n\t\t\t<\/div>\n\t\t\t\t<figcaption class='wp-caption-text gallery-caption' id='gallery-1-4641'>\n\t\t\t\tExport\n\t\t\t\t<\/figcaption><\/figure><figure class='gallery-item'>\n\t\t\t<div class='gallery-icon landscape'>\n\t\t\t\t<a href='https:\/\/kschmied.ch\/en\/supply-chain-management-2\/packaging\/verpackung_innen-2-2\/'><img loading=\"lazy\" decoding=\"async\" width=\"150\" height=\"150\" src=\"https:\/\/kschmied.ch\/wp-content\/uploads\/2019\/09\/verpackung_innen-150x150.jpg\" class=\"attachment-thumbnail size-thumbnail\" alt=\"Verpackungsservice\" aria-describedby=\"gallery-1-4645\" srcset=\"https:\/\/kschmied.ch\/wp-content\/uploads\/2019\/09\/verpackung_innen-150x150.jpg 150w, https:\/\/kschmied.ch\/wp-content\/uploads\/2019\/09\/verpackung_innen-100x100.jpg 100w, https:\/\/kschmied.ch\/wp-content\/uploads\/2019\/09\/verpackung_innen-200x200.jpg 200w\" sizes=\"auto, (max-width: 150px) 100vw, 150px\" \/><\/a>\n\t\t\t<\/div>\n\t\t\t\t<figcaption class='wp-caption-text gallery-caption' id='gallery-1-4645'>\n\t\t\t\tVerpackungsservice\n\t\t\t\t<\/figcaption><\/figure>\n\t\t<\/div>\n<\/div><\/div><\/div><div id=\"pg-19710-1\"  class=\"panel-grid panel-no-style\" ><div id=\"pgc-19710-1-0\"  class=\"panel-grid-cell\" ><div id=\"panel-19710-1-0-0\" class=\"so-panel widget widget_black-studio-tinymce widget_black_studio_tinymce panel-first-child panel-last-child\" data-index=\"2\" ><div class=\"textwidget\"><p><span style=\"color: #000000;\"><strong>VERPACKUNGSARTEN<br \/>\n<\/strong><\/span><\/p>\n<p>- Holzverpackung (nach ISPM-15)<br \/>\n- Verpackungen aus Wellkarton<br \/>\n- Mehrweg- &amp; Messeverpackungen<br \/>\n- Kombiverpackungen (Holz, Karton, Schaumstoff)<br \/>\n- Schrumpfverpackungen<br \/>\n- Korrosionsschutz<\/p>\n<\/div><\/div><\/div><div id=\"pgc-19710-1-1\"  class=\"panel-grid-cell\" ><div id=\"panel-19710-1-1-0\" class=\"so-panel widget widget_black-studio-tinymce widget_black_studio_tinymce panel-first-child panel-last-child\" data-index=\"3\" ><div class=\"textwidget\"><p><span style=\"color: #000000;\"><strong>SERVICE<\/strong><\/span><\/p>\n<p>- Verpackung nach Mass<br \/>\n- Beschriftungen<br \/>\n- Weltweiter Versand<\/p>\n<\/div><\/div><\/div><div id=\"pgc-19710-1-2\"  class=\"panel-grid-cell\" ><div id=\"panel-19710-1-2-0\" class=\"so-panel widget widget_black-studio-tinymce widget_black_studio_tinymce panel-first-child panel-last-child\" data-index=\"4\" ><div class=\"textwidget\"><p><span style=\"color: #000000;\"><strong>VOLUMEN<\/strong><\/span><\/p>\n<p>- Alle Gr\u00f6ssen<br \/>\n- Jedes Gewicht<\/p>\n<\/div><\/div><\/div><\/div><\/div>","protected":false},"excerpt":{"rendered":"<p>Reusable or disposable packaging made to measure for your transport goods, as well as labelling.<\/p>\n","protected":false},"author":1,"featured_media":7113,"parent":19884,"menu_order":2,"comment_status":"closed","ping_status":"closed","template":"","meta":{"_acf_changed":false,"footnotes":""},"class_list":["post-19710","page","type-page","status-publish","has-post-thumbnail","hentry"],"acf":[],"yoast_head":"<!-- This site is optimized with the Yoast SEO Premium plugin v27.4 (Yoast SEO v27.4) - https:\/\/yoast.com\/product\/yoast-seo-premium-wordpress\/ -->\n<title>Packaging - K. Schmied AG \u2013 Containers &amp; Shipping Switzerland<\/title>\n<meta name=\"description\" content=\"Entdecken Sie hochwertige Seecontainer, Lagercontainer und Schnellbaucontainer zum Kauf oder zur Miete in der Schweiz. Erfahren Sie mehr \u00fcber die verf\u00fcgbaren Gr\u00f6\u00dfen, Ausf\u00fchrungen und Preise. Kontaktieren Sie uns f\u00fcr eine kostenlose Anfrage!\" \/>\n<meta name=\"robots\" content=\"index, follow, max-snippet:-1, max-image-preview:large, max-video-preview:-1\" \/>\n<link rel=\"canonical\" href=\"https:\/\/kschmied.ch\/en\/supply-chain-management-2\/packaging\/\" \/>\n<meta property=\"og:locale\" content=\"en_US\" \/>\n<meta property=\"og:type\" content=\"article\" \/>\n<meta property=\"og:title\" content=\"K. SCHMIED AG \u2013 Containerverkauf Schweiz\" \/>\n<meta property=\"og:description\" content=\"Ihr Partner f\u00fcr Seecontainer und Lagercontainer in der Schweiz \u2013 zum Kauf oder zur Miete, mit optionalem Kranablade-Service.\" \/>\n<meta property=\"og:url\" content=\"https:\/\/kschmied.ch\/en\/supply-chain-management-2\/packaging\/\" \/>\n<meta property=\"og:site_name\" content=\"K. Schmied AG \u2013 Containers &amp; Shipping Switzerland\" \/>\n<meta property=\"article:modified_time\" content=\"2025-08-04T07:37:51+00:00\" \/>\n<meta property=\"og:image\" content=\"https:\/\/kschmied.ch\/wp-content\/uploads\/2019\/11\/verpackungen.jpg\" \/>\n\t<meta property=\"og:image:width\" content=\"300\" \/>\n\t<meta property=\"og:image:height\" content=\"200\" \/>\n\t<meta property=\"og:image:type\" content=\"image\/jpeg\" \/>\n<meta name=\"twitter:card\" content=\"summary_large_image\" \/>\n<meta name=\"twitter:label1\" content=\"Est. reading time\" \/>\n\t<meta name=\"twitter:data1\" content=\"2 minutes\" \/>\n<!-- \/ Yoast SEO Premium plugin. -->","yoast_head_json":{"title":"Packaging - K. Schmied AG \u2013 Containers &amp; Shipping Switzerland","description":"Entdecken Sie hochwertige Seecontainer, Lagercontainer und Schnellbaucontainer zum Kauf oder zur Miete in der Schweiz. Erfahren Sie mehr \u00fcber die verf\u00fcgbaren Gr\u00f6\u00dfen, Ausf\u00fchrungen und Preise. Kontaktieren Sie uns f\u00fcr eine kostenlose Anfrage!","robots":{"index":"index","follow":"follow","max-snippet":"max-snippet:-1","max-image-preview":"max-image-preview:large","max-video-preview":"max-video-preview:-1"},"canonical":"https:\/\/kschmied.ch\/en\/supply-chain-management-2\/packaging\/","og_locale":"en_US","og_type":"article","og_title":"K. SCHMIED AG \u2013 Containerverkauf Schweiz","og_description":"Ihr Partner f\u00fcr Seecontainer und Lagercontainer in der Schweiz \u2013 zum Kauf oder zur Miete, mit optionalem Kranablade-Service.","og_url":"https:\/\/kschmied.ch\/en\/supply-chain-management-2\/packaging\/","og_site_name":"K. Schmied AG \u2013 Containers &amp; Shipping Switzerland","article_modified_time":"2025-08-04T07:37:51+00:00","og_image":[{"width":300,"height":200,"url":"https:\/\/kschmied.ch\/wp-content\/uploads\/2019\/11\/verpackungen.jpg","type":"image\/jpeg"}],"twitter_card":"summary_large_image","twitter_misc":{"Est. reading time":"2 minutes"},"schema":{"@context":"https:\/\/schema.org","@graph":[{"@type":"WebPage","@id":"https:\/\/kschmied.ch\/en\/supply-chain-management-2\/packaging\/","url":"https:\/\/kschmied.ch\/en\/supply-chain-management-2\/packaging\/","name":"Packaging - K. Schmied AG \u2013 Containers &amp; Shipping Switzerland","isPartOf":{"@id":"https:\/\/kschmied.ch\/en\/#website"},"primaryImageOfPage":{"@id":"https:\/\/kschmied.ch\/en\/supply-chain-management-2\/packaging\/#primaryimage"},"image":{"@id":"https:\/\/kschmied.ch\/en\/supply-chain-management-2\/packaging\/#primaryimage"},"thumbnailUrl":"https:\/\/kschmied.ch\/wp-content\/uploads\/2019\/11\/verpackungen.jpg","datePublished":"2020-06-05T12:52:46+00:00","dateModified":"2025-08-04T07:37:51+00:00","description":"Entdecken Sie hochwertige Seecontainer, Lagercontainer und Schnellbaucontainer zum Kauf oder zur Miete in der Schweiz. Erfahren Sie mehr \u00fcber die verf\u00fcgbaren Gr\u00f6\u00dfen, Ausf\u00fchrungen und Preise. Kontaktieren Sie uns f\u00fcr eine kostenlose Anfrage!","breadcrumb":{"@id":"https:\/\/kschmied.ch\/en\/supply-chain-management-2\/packaging\/#breadcrumb"},"inLanguage":"en-US","potentialAction":[{"@type":"ReadAction","target":["https:\/\/kschmied.ch\/en\/supply-chain-management-2\/packaging\/"]}]},{"@type":"ImageObject","inLanguage":"en-US","@id":"https:\/\/kschmied.ch\/en\/supply-chain-management-2\/packaging\/#primaryimage","url":"https:\/\/kschmied.ch\/wp-content\/uploads\/2019\/11\/verpackungen.jpg","contentUrl":"https:\/\/kschmied.ch\/wp-content\/uploads\/2019\/11\/verpackungen.jpg","width":300,"height":200,"caption":"Exportverpackung"},{"@type":"BreadcrumbList","@id":"https:\/\/kschmied.ch\/en\/supply-chain-management-2\/packaging\/#breadcrumb","itemListElement":[{"@type":"ListItem","position":1,"name":"Accueil","item":"https:\/\/kschmied.ch\/en\/"},{"@type":"ListItem","position":2,"name":"SUPPLY CHAIN MANAGEMENT","item":"https:\/\/kschmied.ch\/en\/supply-chain-management-2\/"},{"@type":"ListItem","position":3,"name":"Packaging"}]},{"@type":"WebSite","@id":"https:\/\/kschmied.ch\/en\/#website","url":"https:\/\/kschmied.ch\/en\/","name":"K. SCHMIED AG","description":"Swiss container trading &amp; shipping since 1979","publisher":{"@id":"https:\/\/kschmied.ch\/en\/#organization"},"alternateName":"K. SCHMIED AG","potentialAction":[{"@type":"SearchAction","target":{"@type":"EntryPoint","urlTemplate":"https:\/\/kschmied.ch\/en\/?s={search_term_string}"},"query-input":{"@type":"PropertyValueSpecification","valueRequired":true,"valueName":"search_term_string"}}],"inLanguage":"en-US"},{"@type":"Organization","@id":"https:\/\/kschmied.ch\/en\/#organization","name":"K. SCHMIED AG","alternateName":"K. SCHMIED AG","url":"https:\/\/kschmied.ch\/en\/","logo":{"@type":"ImageObject","inLanguage":"en-US","@id":"https:\/\/kschmied.ch\/en\/#\/schema\/logo\/image\/","url":"https:\/\/kschmied.ch\/wp-content\/uploads\/2020\/07\/LOGO-gross.jpg","contentUrl":"https:\/\/kschmied.ch\/wp-content\/uploads\/2020\/07\/LOGO-gross.jpg","width":770,"height":240,"caption":"K. SCHMIED AG"},"image":{"@id":"https:\/\/kschmied.ch\/en\/#\/schema\/logo\/image\/"},"sameAs":["https:\/\/ch.linkedin.com\/company\/k-schmied-ag"],"description":"K. SCHMIED AG ist ein f\u00fchrendes Unternehmen im Bereich Containerverkauf und -vermietung in der Schweiz. Mit langj\u00e4hriger Erfahrung bieten wir unseren Kunden robuste, langlebige Seecontainer, Lagercontainer und Schnellbaucontainer in verschiedenen Gr\u00f6\u00dfen und Ausf\u00fchrungen. Unser Service umfasst auch Transportl\u00f6sungen, ma\u00dfgeschneiderte Containeranforderungen und weltweiten Versand. Qualit\u00e4t, Kundenzufriedenheit und Zuverl\u00e4ssigkeit stehen bei uns an erster Stelle.","email":"info@kschmied.ch","telephone":"041 811 30 03","legalName":"K. SCHMIED internat. Transporte & Handels AG","foundingDate":"1979-01-01","vatID":"CHE-107.962.018 MWST","taxID":"CHE-107.962.018 MWST","numberOfEmployees":{"@type":"QuantitativeValue","minValue":"1","maxValue":"10"}}]}},"_links":{"self":[{"href":"https:\/\/kschmied.ch\/en\/wp-json\/wp\/v2\/pages\/19710","targetHints":{"allow":["GET"]}}],"collection":[{"href":"https:\/\/kschmied.ch\/en\/wp-json\/wp\/v2\/pages"}],"about":[{"href":"https:\/\/kschmied.ch\/en\/wp-json\/wp\/v2\/types\/page"}],"author":[{"embeddable":true,"href":"https:\/\/kschmied.ch\/en\/wp-json\/wp\/v2\/users\/1"}],"replies":[{"embeddable":true,"href":"https:\/\/kschmied.ch\/en\/wp-json\/wp\/v2\/comments?post=19710"}],"version-history":[{"count":0,"href":"https:\/\/kschmied.ch\/en\/wp-json\/wp\/v2\/pages\/19710\/revisions"}],"up":[{"embeddable":true,"href":"https:\/\/kschmied.ch\/en\/wp-json\/wp\/v2\/pages\/19884"}],"wp:featuredmedia":[{"embeddable":true,"href":"https:\/\/kschmied.ch\/en\/wp-json\/wp\/v2\/media\/7113"}],"wp:attachment":[{"href":"https:\/\/kschmied.ch\/en\/wp-json\/wp\/v2\/media?parent=19710"}],"curies":[{"name":"wp","href":"https:\/\/api.w.org\/{rel}","templated":true}]}}